{"id":101,"date":"2011-09-02T09:11:31","date_gmt":"2011-09-02T07:11:31","guid":{"rendered":"http:\/\/doelitzer-wassermuehle.de\/?page_id=101"},"modified":"2025-08-04T11:22:38","modified_gmt":"2025-08-04T09:22:38","slug":"home","status":"publish","type":"page","link":"https:\/\/doelitzer-wassermuehle.de\/","title":{"rendered":"Start"},"content":{"rendered":"<p style=\"text-align: justify;\"><strong>Herzlich willkommen in der D\u00f6litzer Wasserm\u00fchle \u2013 einem Kleinod im Leipziger S\u00fcden!<\/strong><\/p>\n<p style=\"text-align: justify;\">Die D\u00f6litzer Wasserm\u00fchle gilt als die letzte erhaltene Wasserm\u00fchle Leipzigs und ist ein unter Denkmalschutz stehendes technisches Wahrzeichen in Stadtteil D\u00f6litz. Sie verf\u00fcgt noch \u00fcber teilweise erhaltene M\u00fchlentechnik. Unser gemeinn\u00fctziger Verein Gr\u00fcn-Alternatives-Zentrum Leipzig e.V. widmet sich seit 1992 der Erhaltung der Wasserm\u00fchle und des M\u00fchlenhofes.<\/p>\n<p><em><strong>Unsere Angebote<\/strong><\/em><\/p>\n<p><strong>Veranstaltungen: <\/strong>Jedes Jahr f\u00fchren wir eigene Veranstaltungen auf dem Hof durch. So nehmen wir seit 2001 am Deutschen M\u00fchlentag zum Pfingstmontag und am Tag des offenen Denkmals am zweiten Septemberwochenende teil. Am ersten Advent findet bei uns von 13 bis 18 Uhr ein Adventsmarkt statt.<\/p>\n<p><strong>Umweltbildung: <\/strong>Das M\u00fchlengel\u00e4nde hat ideale Voraussetzungen f\u00fcr Natur-, Umwelt- und Ern\u00e4hrungsbildungsangebote. Erfahrene engagierte Umweltp\u00e4dagogen bieten Themen wie vom Korn zum Brot, Schaf und Wolle, Honig und Bienen, aber auch F\u00fchrungen \u00fcber das Gel\u00e4nde f\u00fcr Gruppen an. So sind wir auch bei den Angeboten zum Winterferienpass dabei.<\/p>\n<p><strong>Veranstaltungsraum: <\/strong>Wenn Sie unseren Veranstaltungsraum f\u00fcr Ihre Familienfeier nutzen m\u00f6chten oder sich f\u00fcr eine F\u00fchrung interessieren, nehmen Sie einfach Kontakt zu uns auf.<\/p>\n<p><strong>Galerie:<\/strong> Gemeinsam mit regionalen K\u00fcnstlern wird im Vollhardtshaus eine M\u00fchlengalerie betrieben, die sonntags zwsichen 13 und 17 Uhr ge\u00f6ffnet hat.<\/p>\n<p><em><strong>Unsere Vision<\/strong><\/em><\/p>\n<p style=\"text-align: justify;\">Ein gro\u00dfes Ziel ist es, ein M\u00fchlenmuseum mit Schaumahlgang zu errichten. Die historische Wasserkraftanlage konnte bereits aktiviert werden. Neben den Veranstaltungen zum j\u00e4hrlichen Deutschen M\u00fchlentag und dem Tag des offenen Denkmals veranstalten wir im Juli und August an vier Wochenenden ein Sommerkino und j\u00e4hrlich am ersten Advent einen kleinen Adventsmarkt. Perspektivisch sollen auch Konzerte, Theatervorstellungen und Lesungen in der einzigartigen Atmosph\u00e4re des Hofes stattfinden.<\/p>\n<p style=\"text-align: justify;\">Zum Tag des offenen Denkmals 2019 wurde das denkmalgesch\u00fctze Vollhardthaus mit einer Fotoausstellung wieder er\u00f6ffnet. Das Haus bietet seit dem ein sehr sch\u00f6nes Ambiente f\u00fcr eine kleine Galerie. Wir danken all denjenigen Menschen, die uns in den letzten Jahren tatkr\u00e4ftig zur Seite gestanden oder uns mit Spendengeldern f\u00fcr die neuen M\u00fchlenfenster unterst\u00fctzt haben.<\/p>\n<p><em><strong>Mitmachen<\/strong><\/em><\/p>\n<p style=\"text-align: justify;\"><strong>Mitglied werden:<\/strong> Sie m\u00f6chten Teil des Vereins werden, Veranstaltungen und den M\u00fchlenausbau mitplanen und umsetzen, das M\u00fchlengel\u00e4nde mitgestalten, ein Seminarprogamm umsetzen, die Galerie betreuen oder einfach nur die Natur genie\u00dfen? Dann nehmen Sie gern Kontakt zu uns auf, wir freuen uns \u00fcber tatkr\u00e4ftige Unterst\u00fctzung.<\/p>\n<p style=\"text-align: justify;\">Unser M\u00fchlengel\u00e4nde ist t\u00e4glich ge\u00f6ffnet und frei zug\u00e4nglich.<\/p>\n<p style=\"text-align: justify;\"><a href=\"https:\/\/doelitzer-wassermuehle.de\/wp-content\/uploads\/2011\/09\/M\u00fchlentag-05.06.2006-besucher.jpg\"><img loading=\"lazy\" decoding=\"async\" class=\"alignleft size-thumbnail wp-image-563\" title=\"Besucher\" src=\"https:\/\/doelitzer-wassermuehle.de\/wp-content\/uploads\/2011\/09\/M\u00fchlentag-05.06.2006-besucher-180x135.jpg\" alt=\"\" width=\"180\" height=\"135\" \/><\/a><a href=\"https:\/\/doelitzer-wassermuehle.de\/wp-content\/uploads\/2011\/09\/M\u00fchlentag-B\u00e4cker.jpg\"><img loading=\"lazy\" decoding=\"async\" class=\"alignleft size-thumbnail wp-image-566\" title=\"B\u00e4ckerei Kleinert M\u00fchlenbrot\" src=\"https:\/\/doelitzer-wassermuehle.de\/wp-content\/uploads\/2011\/09\/M\u00fchlentag-B\u00e4cker-180x135.jpg\" alt=\"\" width=\"180\" height=\"135\" \/><\/a><a href=\"https:\/\/doelitzer-wassermuehle.de\/wp-content\/uploads\/2011\/09\/M\u00fchlentag-2006-M\u00fchlespieler2.jpg\"><img loading=\"lazy\" decoding=\"async\" class=\"alignleft size-thumbnail wp-image-559\" title=\"M\u00fchlespiel\" src=\"https:\/\/doelitzer-wassermuehle.de\/wp-content\/uploads\/2011\/09\/M\u00fchlentag-2006-M\u00fchlespieler2-180x135.jpg\" alt=\"\" width=\"180\" height=\"135\" \/><\/a><\/p>\n<p style=\"text-align: justify;\">Aktualisiert: 22.04.2025<\/p>\n","protected":false},"excerpt":{"rendered":"<p>Herzlich willkommen in der D\u00f6litzer Wasserm\u00fchle \u2013 einem Kleinod im Leipziger S\u00fcden! Die D\u00f6litzer Wasserm\u00fchle gilt als die letzte erhaltene Wasserm\u00fchle Leipzigs und ist ein unter Denkmalschutz stehendes technisches Wahrzeichen in Stadtteil D\u00f6litz. Sie verf\u00fcgt noch \u00fcber teilweise erhaltene M\u00fchlentechnik. &hellip; <a href=\"https:\/\/doelitzer-wassermuehle.de\/\">Weiterlesen <span class=\"meta-nav\">&rarr;<\/span><\/a><\/p>\n","protected":false},"author":1,"featured_media":3593,"parent":0,"menu_order":1,"comment_status":"closed","ping_status":"closed","template":"","meta":{"ngg_post_thumbnail":0,"footnotes":""},"class_list":["post-101","page","type-page","status-publish","has-post-thumbnail","hentry"],"aioseo_notices":[],"_links":{"self":[{"href":"https:\/\/doelitzer-wassermuehle.de\/index.php?rest_route=\/wp\/v2\/pages\/101","targetHints":{"allow":["GET"]}}],"collection":[{"href":"https:\/\/doelitzer-wassermuehle.de\/index.php?rest_route=\/wp\/v2\/pages"}],"about":[{"href":"https:\/\/doelitzer-wassermuehle.de\/index.php?rest_route=\/wp\/v2\/types\/page"}],"author":[{"embeddable":true,"href":"https:\/\/doelitzer-wassermuehle.de\/index.php?rest_route=\/wp\/v2\/users\/1"}],"replies":[{"embeddable":true,"href":"https:\/\/doelitzer-wassermuehle.de\/index.php?rest_route=%2Fwp%2Fv2%2Fcomments&post=101"}],"version-history":[{"count":245,"href":"https:\/\/doelitzer-wassermuehle.de\/index.php?rest_route=\/wp\/v2\/pages\/101\/revisions"}],"predecessor-version":[{"id":5278,"href":"https:\/\/doelitzer-wassermuehle.de\/index.php?rest_route=\/wp\/v2\/pages\/101\/revisions\/5278"}],"wp:featuredmedia":[{"embeddable":true,"href":"https:\/\/doelitzer-wassermuehle.de\/index.php?rest_route=\/wp\/v2\/media\/3593"}],"wp:attachment":[{"href":"https:\/\/doelitzer-wassermuehle.de\/index.php?rest_route=%2Fwp%2Fv2%2Fmedia&parent=101"}],"curies":[{"name":"wp","href":"https:\/\/api.w.org\/{rel}","templated":true}]}}