{"id":109,"date":"2011-09-03T12:16:19","date_gmt":"2011-09-03T10:16:19","guid":{"rendered":"http:\/\/doelitzer-wassermuehle.de\/?page_id=109"},"modified":"2026-01-27T16:28:49","modified_gmt":"2026-01-27T15:28:49","slug":"umweltbildung","status":"publish","type":"page","link":"https:\/\/doelitzer-wassermuehle.de\/?page_id=109","title":{"rendered":"Umweltbildung"},"content":{"rendered":"<p style=\"text-align: justify;\">Unser Verein m\u00f6chte vor dem Hintergrund der globalen Klimaver\u00e4nderungen und der weltweit knappen Ressourcen einen\u00a0 Beitrag zur Bildung f\u00fcr nachhaltige Entwicklung, insbesondere zur Umweltbildung, leisten. Wir richten unsere Angebote\u00a0an Vorschulkinder, Grund- und Mittelsch\u00fcler.\u00a0Unser Anliegen ist es, \u00fcber den Umweltschutz aufzukl\u00e4ren, durch\u00a0experimentelles Erkunden und praktisches Erleben\u00a0umsetzbarer Beispiele f\u00fcr den Alltag aufzuzeigen und\u00a0die Kinder anzuregen, etwa \u00fcber den eigenen Wasser- und\u00a0\u00a0Energieverbrauch nachzudenken.<\/p>\n<p style=\"text-align: justify;\">Die Konzentration von verschiedenen umwelttechnischen Anlagen zur Nutzung regenerativer Energien bei uns vor Ort, bietet dabei eine ideale M\u00f6glichkeit, die Vereinbarkeit von wirtschaftlichem Handeln\u00a0und Umweltver-tr\u00e4glichkeit\u00a0aufzuzeigen.<\/p>\n<p style=\"text-align: justify;\">Unser\u00a0Programm &#8222;Wasser und Energie erleben&#8220; erhielt im Jahr\u00a02007\u00a0einen Preis der Leipziger Agenda 21. Seitdem begr\u00fc\u00dfen wir j\u00e4hrlich\u00a0viele Kindergruppen, die\u00a0unsere Angebote f\u00fcr\u00a0einen Projekttag wahrnehmen.<\/p>\n<p><a href=\"https:\/\/doelitzer-wassermuehle.de\/wp-content\/uploads\/2011\/09\/Kinder21.jpg\"><img loading=\"lazy\" decoding=\"async\" class=\"alignleft size-thumbnail wp-image-603\" title=\"Kinder2\" src=\"https:\/\/doelitzer-wassermuehle.de\/wp-content\/uploads\/2011\/09\/Kinder21-180x135.jpg\" alt=\"\" width=\"180\" height=\"135\" \/><\/a><a href=\"https:\/\/doelitzer-wassermuehle.de\/wp-content\/uploads\/2011\/09\/kinder1-sk.jpg\"><img loading=\"lazy\" decoding=\"async\" class=\"alignleft size-thumbnail wp-image-601\" title=\"kinder1-sk\" src=\"https:\/\/doelitzer-wassermuehle.de\/wp-content\/uploads\/2011\/09\/kinder1-sk-180x135.jpg\" alt=\"\" width=\"180\" height=\"135\" \/><\/a><a href=\"https:\/\/doelitzer-wassermuehle.de\/wp-content\/uploads\/2011\/09\/Kinder3.jpg\"><img loading=\"lazy\" decoding=\"async\" class=\"alignleft size-thumbnail wp-image-606\" title=\"Kinder3\" src=\"https:\/\/doelitzer-wassermuehle.de\/wp-content\/uploads\/2011\/09\/Kinder3-180x135.jpg\" alt=\"\" width=\"180\" height=\"135\" \/><\/a><\/p>\n\n\n<p><\/p>\n\n\n\n<h2 class=\"wp-block-heading\">Unser Osterprogramm<\/h2>\n\n\n\n<p>Auch dieses Jahr bietet die Gruppe der Umweltbildung ein osterlich &#8211; angepasstes Programm zum Thema Haustiere an. Neben dem Kennenlernen der Nutztieren der D\u00f6litzer Wasserm\u00fchle unterst\u00fctzen die Kinder den Osterhasen beim Eierf\u00e4rben. Vielleicht verr\u00e4t er ihnen sogar die besten Verstecke f\u00fcr Ostereier&#8230;<\/p>\n\n\n\n<h2 class=\"wp-block-heading\">Honorarkr\u00e4fte und Kursleitung gesucht<\/h2>\n\n\n<p>Wir suchen engagierte Honorarkr\u00e4fte, die im Bereich Umweltbildung mit Kindern und Jugendlichen arbeiten m\u00f6chten. Bei uns haben Sie die M\u00f6glichkeit, kreative und praxisorientierte Umweltbildungsprojekte f\u00fcr Grundschul- und Kindergartenkinder durchzuf\u00fchren. Im Folgenden finden Sie alle wichtigen Informationen zu den Veranstaltungen, Zielgruppen, den Rahmenbedingungen und der Verg\u00fctung.<\/p>\n<p><strong>Zielgruppe und Veranstaltungsformate:<\/strong><\/p>\n<p>Unsere Umweltbildungsangebote richten sich haupts\u00e4chlich an Kinder im Grundschulalter sowie an Kindergartenkinder. Die Veranstaltungen sind altersgerecht auf die Bed\u00fcrfnisse und Interessen der Kinder abgestimmt und finden in Gruppen mit durchschnittlich 20 Kindern statt. Die Themen reichen von der Naturerfahrung bis hin zur praktischen Auseinandersetzung mit verschiedenen Umweltthemen.<\/p>\n<p><strong>Angebotene Kurse und Themenbereiche:<\/strong><\/p>\n<p>Unsere Hauptthemen umfassen:<\/p>\n<p><strong>Vom Korn zum Brot:<\/strong><br \/>In diesem Kurs lernen die Kinder den Weg vom Getreidekorn bis zum fertigen Brot kennen. Sie entdecken verschiedene Getreidesorten und erleben die Herstellung von Mehl. Anschlie\u00dfend mahlen sie selbst Getreide und backen ihre eigenen Br\u00f6tchen. Dieser Kurs wird speziell f\u00fcr Grundschulklassen angeboten und ist eine spannende M\u00f6glichkeit, Kindern den Ursprung ihrer allt\u00e4glichen Nahrung n\u00e4herzubringen.<\/p>\n<p><strong>Wasser erleben:<\/strong><br \/>Wasser ist lebenswichtig, und in diesem Kurs erfahren die Kinder alles rund um die Trinkwassergewinnung, Abwasserreinigung und Regenwassernutzung. Auf unserem Gel\u00e4nde k\u00f6nnen sie verschiedene wassertechnische Anlagen in Aktion sehen und lernen, wie diese die Natur und unser t\u00e4gliches Leben beeinflussen. Im Seminarraum f\u00fchren die Kinder naturwissenschaftliche Experimente durch, bei denen sie verschiedene Wasserqualit\u00e4ten untersuchen. Kreative Angebote runden das Thema ab und machen es auf spielerische Weise erlebbar.<\/p>\n<p><strong>Lehm:<\/strong><\/p>\n<p>Die Kinder lernen den nat\u00fcrlichen Baustoff Lehm kennen und d\u00fcrfen mit ihren H\u00e4nden und F\u00fc\u00dfen im Lehm experimentieren. Sie gestalten eigene Figuren und Objekte, wodurch sie nicht nur handwerkliche F\u00e4higkeiten entwickeln, sondern auch ein tieferes Verst\u00e4ndnis f\u00fcr nat\u00fcrliche Materialien gewinnen.<\/p>\n<p><strong>Haustiere<\/strong>:<\/p>\n<p>In diesem Kurs erfahren die Kinder alles \u00fcber das Leben von Haustieren auf einem Bauernhof. Sie versorgen die Schafe und H\u00fchner und lernen den Umgang mit den Tieren. Danach geht es weiter mit der Verarbeitung der Schafwolle: Sie wird kardiert, versponnen und in kreative Bastelarbeiten verwandelt. Das Programm eignet sich besonders in der Osterzeit, wenn die Kinder Ostereier f\u00e4rben und diese sp\u00e4ter suchen.<\/p>\n<p><strong>Dauer und Ablauf der Veranstaltungen<\/strong><\/p>\n<p>Die Kurse dauern in der Regel 2 bis 3 Stunden und k\u00f6nnen entweder als Einzelveranstaltungen oder als Teil eines gr\u00f6\u00dferen Projekttages angeboten werden. W\u00e4hrend des Kurses arbeiten die Honorarkr\u00e4fte mit Gruppen von durchschnittlich 20 Kindern. Jede Veranstaltung erfordert eine Vorbereitung sowie eine Nachbereitung.<\/p>\n<p><strong>Rahmenbedingungen und Voraussetzungen<\/strong><\/p>\n<p>Die T\u00e4tigkeit erfolgt auf Honorarbasis. Wir erwarten:<\/p>\n<ul>\n<li>Interesse und Wissen \u00fcber Natur- und Umweltthemen<\/li>\n<li>Eigenst\u00e4ndige Planung und Durchf\u00fchrung der Veranstaltungen<\/li>\n<li>Zuverl\u00e4ssigkeit, Kommunikationsst\u00e4rke und Spa\u00df an der Arbeit mit Kindern<\/li>\n<\/ul>\n<p>Ein p\u00e4dagogischer oder naturwissenschaftlicher Hintergrund ist von Vorteil, aber nicht zwingend erforderlich. F\u00fcr bestimmte Kurse ist ein erweitertes F\u00fchrungszeugnis erforderlich.<\/p>\n<p><strong>Verg\u00fctung und Einarbeitung<\/strong><\/p>\n<p>F\u00fcr jede durchgef\u00fchrte Veranstaltung erhalten Sie ein Honorar von <strong>100 Euro<\/strong>. Materialkosten werden vom Verein \u00fcbernommen, und vor dem ersten Einsatz erhalten Sie eine umfassende Einarbeitung durch erfahrene Honorarkr\u00e4fte. Diese Einarbeitung hilft Ihnen, sich mit den Kursinhalten und -abl\u00e4ufen vertraut zu machen.<\/p>\n<p><strong>Kontakt<\/strong><\/p>\n<p>Wenn Sie Interesse an einer Mitarbeit haben oder weitere Informationen w\u00fcnschen, freuen wir uns auf Ihre Kontaktaufnahme:<\/p>\n<p>Gr\u00fcn-Alternatives Zentrum Leipzig e.V.<\/p>\n<p>D\u00f6litzer Wasserm\u00fchle<\/p>\n<p>E-Mail: <a href=\"mailto:gaz-leipzig@t-online.de\">gaz-leipzig@t-online.de<\/a><\/p>\n<p>\u00a0<\/p>\n<p><span style=\"color: #ff0000;\"><strong>Hinweis:<\/strong> von Februar bis einschlie\u00dflich M\u00e4rz ist das Vereinsb\u00fcro nur teilweise besetzt. F\u00fcr Anfragen und andere wichtige Nachrichten per Mail ben\u00f6tigen wir eine l\u00e4ngere Bearbeitungsdauer. Sollten Sie dringende Anliegen haben, erreichen Sie uns unter der Telefonnummer: 0341 \/ 33 89 352 von montags bis freitags zwischen 08:30 und 13:00. Oder Sie schauen direkt bei uns vorbei.<\/span><\/p>","protected":false},"excerpt":{"rendered":"<p>Unser Verein m\u00f6chte vor dem Hintergrund der globalen Klimaver\u00e4nderungen und der weltweit knappen Ressourcen einen\u00a0 Beitrag zur Bildung f\u00fcr nachhaltige Entwicklung, insbesondere zur Umweltbildung, leisten. Wir richten unsere Angebote\u00a0an Vorschulkinder, Grund- und Mittelsch\u00fcler.\u00a0Unser Anliegen ist es, \u00fcber den Umweltschutz aufzukl\u00e4ren, &hellip; <a href=\"https:\/\/doelitzer-wassermuehle.de\/?page_id=109\">Weiterlesen <span class=\"meta-nav\">&rarr;<\/span><\/a><\/p>\n","protected":false},"author":1,"featured_media":1629,"parent":0,"menu_order":6,"comment_status":"closed","ping_status":"closed","template":"","meta":{"ngg_post_thumbnail":0,"footnotes":""},"class_list":["post-109","page","type-page","status-publish","has-post-thumbnail","hentry"],"aioseo_notices":[],"_links":{"self":[{"href":"https:\/\/doelitzer-wassermuehle.de\/index.php?rest_route=\/wp\/v2\/pages\/109","targetHints":{"allow":["GET"]}}],"collection":[{"href":"https:\/\/doelitzer-wassermuehle.de\/index.php?rest_route=\/wp\/v2\/pages"}],"about":[{"href":"https:\/\/doelitzer-wassermuehle.de\/index.php?rest_route=\/wp\/v2\/types\/page"}],"author":[{"embeddable":true,"href":"https:\/\/doelitzer-wassermuehle.de\/index.php?rest_route=\/wp\/v2\/users\/1"}],"replies":[{"embeddable":true,"href":"https:\/\/doelitzer-wassermuehle.de\/index.php?rest_route=%2Fwp%2Fv2%2Fcomments&post=109"}],"version-history":[{"count":29,"href":"https:\/\/doelitzer-wassermuehle.de\/index.php?rest_route=\/wp\/v2\/pages\/109\/revisions"}],"predecessor-version":[{"id":5421,"href":"https:\/\/doelitzer-wassermuehle.de\/index.php?rest_route=\/wp\/v2\/pages\/109\/revisions\/5421"}],"wp:featuredmedia":[{"embeddable":true,"href":"https:\/\/doelitzer-wassermuehle.de\/index.php?rest_route=\/wp\/v2\/media\/1629"}],"wp:attachment":[{"href":"https:\/\/doelitzer-wassermuehle.de\/index.php?rest_route=%2Fwp%2Fv2%2Fmedia&parent=109"}],"curies":[{"name":"wp","href":"https:\/\/api.w.org\/{rel}","templated":true}]}}