{"id":113,"date":"2011-09-03T12:17:29","date_gmt":"2011-09-03T12:17:29","guid":{"rendered":"http:\/\/doelitzer-wassermuehle.de\/?page_id=113"},"modified":"2026-01-27T16:22:54","modified_gmt":"2026-01-27T15:22:54","slug":"kontakt","status":"publish","type":"page","link":"https:\/\/doelitzer-wassermuehle.de\/?page_id=113","title":{"rendered":"Kontakt"},"content":{"rendered":"<p>Anfragen und Anregungen k\u00f6nnen Sie uns gern via E-Mail: <strong>gaz-leipzig@t-online.de<\/strong> mitteilen. Wir bem\u00fchen uns, Ihnen schnellstm\u00f6glich zu antworten.<br \/>Unser M\u00fchlengel\u00e4nde ist t\u00e4glich ge\u00f6ffnet, das Vereinsb\u00fcro steht Ihnen von Mo. bis Fr. zwischen 08:30 und 13:00 Uhr zur Verf\u00fcgung. Telefon: <strong>0341 \/ 33 89 352<\/strong>.<\/p>\n<p><span style=\"color: #ff0000;\"><strong>Hinweis:<\/strong> von Februar bis einschlie\u00dflich M\u00e4rz ist das Vereinsb\u00fcro nur teilweise besetzt. F\u00fcr Anfragen und andere wichtige Nachrichten per Mail ben\u00f6tigen wir eine l\u00e4ngere Bearbeitungsdauer. Sollten Sie dringende Anliegen haben, erreichen Sie uns unter der Telefonnummer: 0341 \/ 33 89 352 von montags bis freitags zwischen 08:30 und 13:00. Oder Sie schauen direkt bei uns vorbei.<\/span><\/p>\n\n\n<p><\/p>\n","protected":false},"excerpt":{"rendered":"<p>Anfragen und Anregungen k\u00f6nnen Sie uns gern via E-Mail: gaz-leipzig@t-online.de mitteilen. Wir bem\u00fchen uns, Ihnen schnellstm\u00f6glich zu antworten.Unser M\u00fchlengel\u00e4nde ist t\u00e4glich ge\u00f6ffnet, das Vereinsb\u00fcro steht Ihnen von Mo. bis Fr. zwischen 08:30 und 13:00 Uhr zur Verf\u00fcgung. Telefon: 0341 \/ &hellip; <a href=\"https:\/\/doelitzer-wassermuehle.de\/?page_id=113\">Weiterlesen <span class=\"meta-nav\">&rarr;<\/span><\/a><\/p>\n","protected":false},"author":1,"featured_media":2888,"parent":0,"menu_order":9,"comment_status":"closed","ping_status":"closed","template":"","meta":{"ngg_post_thumbnail":0,"footnotes":""},"class_list":["post-113","page","type-page","status-publish","has-post-thumbnail","hentry"],"aioseo_notices":[],"_links":{"self":[{"href":"https:\/\/doelitzer-wassermuehle.de\/index.php?rest_route=\/wp\/v2\/pages\/113","targetHints":{"allow":["GET"]}}],"collection":[{"href":"https:\/\/doelitzer-wassermuehle.de\/index.php?rest_route=\/wp\/v2\/pages"}],"about":[{"href":"https:\/\/doelitzer-wassermuehle.de\/index.php?rest_route=\/wp\/v2\/types\/page"}],"author":[{"embeddable":true,"href":"https:\/\/doelitzer-wassermuehle.de\/index.php?rest_route=\/wp\/v2\/users\/1"}],"replies":[{"embeddable":true,"href":"https:\/\/doelitzer-wassermuehle.de\/index.php?rest_route=%2Fwp%2Fv2%2Fcomments&post=113"}],"version-history":[{"count":64,"href":"https:\/\/doelitzer-wassermuehle.de\/index.php?rest_route=\/wp\/v2\/pages\/113\/revisions"}],"predecessor-version":[{"id":5418,"href":"https:\/\/doelitzer-wassermuehle.de\/index.php?rest_route=\/wp\/v2\/pages\/113\/revisions\/5418"}],"wp:featuredmedia":[{"embeddable":true,"href":"https:\/\/doelitzer-wassermuehle.de\/index.php?rest_route=\/wp\/v2\/media\/2888"}],"wp:attachment":[{"href":"https:\/\/doelitzer-wassermuehle.de\/index.php?rest_route=%2Fwp%2Fv2%2Fmedia&parent=113"}],"curies":[{"name":"wp","href":"https:\/\/api.w.org\/{rel}","templated":true}]}}