{"id":115,"date":"2011-09-03T12:17:50","date_gmt":"2011-09-03T12:17:50","guid":{"rendered":"http:\/\/doelitzer-wassermuehle.de\/?page_id=115"},"modified":"2025-07-30T12:15:56","modified_gmt":"2025-07-30T10:15:56","slug":"impressum","status":"publish","type":"page","link":"https:\/\/doelitzer-wassermuehle.de\/?page_id=115","title":{"rendered":"Impressum"},"content":{"rendered":"<p><strong>Verantwortlicher gem\u00e4\u00df MDStV:<br \/>\n<\/strong>Gr\u00fcn-Alternatives Zentrum Leipzig e.V.<br \/>\nVollhardtstra\u00dfe 16<br \/>\n04279 Leipzig<br \/>\nTel.: 0341\/ 33 89 352<br \/>\nFax: 0341\/ 33 39 97 34<br \/>\nE-Mail: <a href=\"mailto:GAZ-Leipzig@t-online.de\">GAZ-Leipzig@t-online.de<\/a><\/p>\n<p>Vorstand: Ann Gottschalk, Thomas Gottschalk<br \/>\nSteuernummer: 231\/ 140\/ 05444<br \/>\nVereinsregister des Amtsgerichts Leipzig: VR 27<\/p>\n<p><strong>Haftungshinweis:<\/strong><br \/>\nTrotz sorgf\u00e4ltiger inhaltlicher Kontrolle \u00fcbernehmen wir keine Haftung f\u00fcr die Inhalte externer Links. F\u00fcr den Inhalt der verlinkten Seiten sind ausschlie\u00dflich deren Betreiber verantwortlich.<\/p>\n<p>Diese Seiten wurden gestaltet von:<br \/>\nKai Schwarzbach<br \/>\nOpen Source Competence Center Leipzig<\/p>\n<p><strong>Hinweise zum Datenschutz nach neuer Datenschutzgrundverordnung (DSGVO)<br \/>\n<\/strong><\/p>\n<p>1. Anwendungsbereich und allgemeine Hinweise zum Datenschutz<br \/>\nDiese Hinweise zum Datenschutz gelten f\u00fcr unsere Webseite <a href=\"https:\/\/www.doelitzer-wassermuehle.de\">www.doelitzer-wassermuehle.de<\/a>. Wir nehmen den Schutz Ihrer pers\u00f6nlichen Daten sehr ernst. Wir behandeln Ihre personenbezogenen Daten vertraulich und entsprechend der gesetzlichen Datenschutzvorschriften sowie dieser Datenschutzerkl\u00e4rung.<br \/>\nDie Nutzung unserer Website ist in der Regel ohne Angabe personenbezogener Daten m\u00f6glich. Soweit auf unseren Seiten personenbezogene Daten erhoben werden, erfolgt dies, soweit m\u00f6glich, stets auf freiwilliger Basis.<\/p>\n<p>2. Erhebung, Verarbeitung, Nutzung von personenbezogenen Daten<br \/>\nZu den personenbezogenen Daten geh\u00f6ren alle Informationen zu Ihrer Identit\u00e4t, wie beispielsweise Ihr Name, Ihre E-Mail-Adresse, Telefonnummer oder Ihre Postanschrift.<br \/>\nWenn Sie uns per <strong>Kontaktformular<\/strong> <strong>oder via Email<\/strong> Anfragen und Informationen zukommen lassen, werden Ihre Angaben aus dem Anfrageformular inklusive der von Ihnen dort angegebenen Kontaktdaten zwecks Bearbeitung der Anfrage und f\u00fcr den Fall von Anschlussfragen bei uns gespeichert. Diese personenbezogenen Daten behandeln wir entsprechend den jeweils geltenden gesetzlichen Bestimmungen zum Datenschutz gem\u00e4\u00df der DSGVO.<br \/>\nPersonenbezogene Daten sowie die Inhalte Ihrer E-Mails werden von uns <strong>nicht<\/strong> an Dritte weitergeben. Eine Weitergabe erfolgt nur dann, wenn Sie uns ausdr\u00fccklich Ihre Einwilligung daf\u00fcr erteilen.<\/p>\n<p>3. Cookies und Auswertungssoftware<br \/>\nWir verwenden auf unserer Webseite <strong>keine<\/strong>\u00a0 Cookies und auch <strong>keine<\/strong> externe Auswertungssoftware wie z.B. Google Analytics.<\/p>\n<p>4. YouTube<br \/>\nUnsere Website nutzt Plugins der von Google betriebenen Seite YouTube. Betreiber der Seiten ist die YouTube, LLC, 901 Cherry Ave., San Bruno, CA 94066, USA. Wenn Sie eine unserer mit einem YouTube- Plugin ausgestatteten Seiten besuchen, wird eine Verbindung zu den Servern von YouTube hergestellt.<br \/>\nDabei wird dem Youtube-Server mitgeteilt, welche unserer Seiten Sie besucht haben.<br \/>\nWenn Sie in Ihrem YouTube-Account eingeloggt sind erm\u00f6glichen Sie YouTube, Ihr Surfverhalten direkt Ihrem pers\u00f6nlichen Profil zuzuordnen. Dies k\u00f6nnen Sie verhindern, indem Sie sich aus Ihrem YouTube-Account ausloggen.<br \/>\nWeitere Informationen zum Umgang von Nutzerdaten finden Sie in der Datenschutzerkl\u00e4rung von<br \/>\nYouTube unter: https:\/\/www.google.de\/intl\/de\/policies\/privacy<\/p>\n<p>5. Links zu anderen Webseiten<br \/>\nDie Webseite www.doelitzer-wassermuehle.de enth\u00e4lt Links zu anderen Anbietern und Partnern au\u00dferhalb unseres Vereins. Auf diese Links erstreckt sich unsere Datenschutzerkl\u00e4rung nicht. Bitte informieren Sie sich gesondert \u00fcber die Datenschutzhinweise f\u00fcr die Webseiten unserer Partner. Wenn Sie unsere Website verlassen, empfehlen wir, die Datenschutzrichtlinie der anderen zu besuchenden Website sorgf\u00e4ltig zu lesen.<\/p>\n<p><strong>Webplanner Kalender<\/strong><br \/>\nF\u00fcr die Darstellung von Belegungszeiten unseres Seminarraumes nutzen wir die Software webplanner des deutschen Anbieters Webplanner, Drubbel 3, 48143 M\u00fcnster, Deutschland. Zum Datenschutzhinweis des Anbieters: https:\/\/www.webplanner.de\/datenschutz<\/p>\n<p>6. Daten\u00fcbertragung<br \/>\nWir weisen darauf hin, dass die Daten\u00fcbertragung im Internet (z.B. bei der Kommunikation per E-Mail) Sicherheitsl\u00fccken aufweisen kann. Ein l\u00fcckenloser Schutz der Daten vor dem Zugriff durch Dritte ist nicht m\u00f6glich.<\/p>\n<p>7. Datensicherheit<br \/>\nWir treffen Vorkehrungen, um Ihre personenbezogenen Daten vor Verlust, Zerst\u00f6rung, Verf\u00e4lschung, Manipulation und unberechtigten Zugriff zu sch\u00fctzen. Deshalb ist unsere Webseite bei einem renommierten Anbieter gehostet. Der Anbieter 1&amp;1 Internet SE Elgendorfer Str. 57 in 56410 Montabaur weist in seiner Datenschutzerkl\u00e4rung darauf hin,\u00a0 dass die gesetzlichen Datenschutzbestimmungen der europ\u00e4ischen DSGVO Anwendung finden.<\/p>\n<p>8. Recht auf Auskunft, L\u00f6schung, Sperrung<br \/>\nSie haben jederzeit das Recht auf unentgeltliche Auskunft \u00fcber Ihre gespeicherten personenbezogenen Daten, deren Herkunft und Empf\u00e4nger und den Zweck der Datenverarbeitung sowie ein Recht auf Berichtigung, Sperrung oder L\u00f6schung dieser Daten. Hierzu sowie zu weiteren Fragen zum Thema personenbezogene Daten k\u00f6nnen Sie sich jederzeit unter der im Impressum angegebenen Adresse an uns wenden<\/p>\n<p><strong>Verbraucherinformation<\/strong><br \/>\nGem\u00e4\u00df Verordnung (EU) Nr. 524\/2013:<br \/>\nIm Rahmen der Verordnung \u00fcber Online-Streitbeilegung<br \/>\nzu Verbraucherangelegenheiten steht Ihnen unter<br \/>\n<a href=\"http:\/\/ec.europa.eu\/consumers\/odr\/\" target=\"_blank\" rel=\"noopener noreferrer\">http:\/\/ec.europa.eu\/consumers\/odr\/<\/a><br \/>\neine Online-Streitbeilegungsplattform<br \/>\nder EU-Kommission zur Verf\u00fcgung.<\/p>\n","protected":false},"excerpt":{"rendered":"<p>Verantwortlicher gem\u00e4\u00df MDStV: Gr\u00fcn-Alternatives Zentrum Leipzig e.V. Vollhardtstra\u00dfe 16 04279 Leipzig Tel.: 0341\/ 33 89 352 Fax: 0341\/ 33 39 97 34 E-Mail: GAZ-Leipzig@t-online.de Vorstand: Ann Gottschalk, Thomas Gottschalk Steuernummer: 231\/ 140\/ 05444 Vereinsregister des Amtsgerichts Leipzig: VR 27 Haftungshinweis: &hellip; <a href=\"https:\/\/doelitzer-wassermuehle.de\/?page_id=115\">Weiterlesen <span class=\"meta-nav\">&rarr;<\/span><\/a><\/p>\n","protected":false},"author":1,"featured_media":2876,"parent":0,"menu_order":10,"comment_status":"closed","ping_status":"closed","template":"","meta":{"ngg_post_thumbnail":0,"footnotes":""},"class_list":["post-115","page","type-page","status-publish","has-post-thumbnail","hentry"],"aioseo_notices":[],"_links":{"self":[{"href":"https:\/\/doelitzer-wassermuehle.de\/index.php?rest_route=\/wp\/v2\/pages\/115","targetHints":{"allow":["GET"]}}],"collection":[{"href":"https:\/\/doelitzer-wassermuehle.de\/index.php?rest_route=\/wp\/v2\/pages"}],"about":[{"href":"https:\/\/doelitzer-wassermuehle.de\/index.php?rest_route=\/wp\/v2\/types\/page"}],"author":[{"embeddable":true,"href":"https:\/\/doelitzer-wassermuehle.de\/index.php?rest_route=\/wp\/v2\/users\/1"}],"replies":[{"embeddable":true,"href":"https:\/\/doelitzer-wassermuehle.de\/index.php?rest_route=%2Fwp%2Fv2%2Fcomments&post=115"}],"version-history":[{"count":39,"href":"https:\/\/doelitzer-wassermuehle.de\/index.php?rest_route=\/wp\/v2\/pages\/115\/revisions"}],"predecessor-version":[{"id":5296,"href":"https:\/\/doelitzer-wassermuehle.de\/index.php?rest_route=\/wp\/v2\/pages\/115\/revisions\/5296"}],"wp:featuredmedia":[{"embeddable":true,"href":"https:\/\/doelitzer-wassermuehle.de\/index.php?rest_route=\/wp\/v2\/media\/2876"}],"wp:attachment":[{"href":"https:\/\/doelitzer-wassermuehle.de\/index.php?rest_route=%2Fwp%2Fv2%2Fmedia&parent=115"}],"curies":[{"name":"wp","href":"https:\/\/api.w.org\/{rel}","templated":true}]}}