{"id":209,"date":"2011-09-10T12:40:36","date_gmt":"2011-09-10T10:40:36","guid":{"rendered":"http:\/\/doelitzer-wassermuehle.de\/?page_id=209"},"modified":"2026-02-04T12:59:57","modified_gmt":"2026-02-04T11:59:57","slug":"veranstaltungsraum","status":"publish","type":"page","link":"https:\/\/doelitzer-wassermuehle.de\/?page_id=209","title":{"rendered":"Seminarraum"},"content":{"rendered":"<p><strong>Veranstaltungsraum im Oberm\u00fcllerhaus<\/strong><\/p>\n<p style=\"text-align: justify;\">Wir vermieten einen sch\u00f6nen Raum im Erdgeschoss des Oberm\u00fcllerhauses. Er ist etwa 30 m\u00b2 gro\u00df und f\u00fcr max. 20 Personen geeignet. Eine K\u00fcche ist f\u00fcr eine Selbstversorgung komplett mit Geschirr, Herd, K\u00fchlschrank und Sp\u00fclmaschine ausgestattet. F\u00fcr das Freigel\u00e4nde k\u00f6nnen Sie von uns Biertischgarnituren oder eine Feuerschale mieten.<br \/>Unsere Hofanlage\u00a0besitzt einen l\u00e4ndlich, romantischen Charme \u2013 nicht nur wegen der Streuobstwiese mit Pferden. In f\u00fcnf Minuten zu Fu\u00df ist das historische Torhaus D\u00f6litz mit seinem einzigartigen Zinnfigurenkabinett und der 2017 neu er\u00f6ffneten Ausstellung \u00fcber den Statdteil D\u00f6litz erreichbar. Zu Spazierg\u00e4ngen l\u00e4dt der im englischen Stil gestaltete Landschaftspark \u201eagra-Park\u201c ein, der direkt von unserem Hof aus zu erreichen ist. Hier befinden sich\u00a0u. a. das Wei\u00dfe Haus, die Parkgastst\u00e4tte, das Deutsche Fotomuseum und der Naturspielplatz \u201eKinderreich\u201c.<\/p>\n<p style=\"text-align: justify;\">Wir vermitteln auf Wunsch auch eine naturp\u00e4dagogische Betreuung Ihrer Kinder w\u00e4hrend Ihrer Feier, durch die Naturp\u00e4dagogin Heike B\u00fcrger (Web-Seite siehe rechts unter: Unsere Partner Wilde Wege).<\/p>\n<p><strong>Vermietungszeitraum:<\/strong> Wir vermieten von 11:00 Uhr bis zum Folgetag 11:00 Uhr. Sollte am Vortag keine Vermietung stattgefunden haben, k\u00f6nnen Sie den Raum bereits am Abend des Vortages zum Unterstellen und Dekorieren nutzen.<\/p>\n<p><strong>Kosten f\u00fcr den Veranstaltungsraum:<br \/><\/strong>Nutzung 1 Tag\u00a0\u00a0\u00a0\u00a0\u00a0\u00a0\u00a0\u00a0\u00a0\u00a0\u00a0\u00a0\u00a0\u00a0\u00a0\u00a0\u00a0\u00a0\u00a0\u00a0\u00a0\u00a0\u00a0\u00a0\u00a0\u00a0\u00a0\u00a0\u00a0\u00a0 250,00 EUR<br \/>Nutzung 2 Tage\u00a0\u00a0\u00a0\u00a0\u00a0\u00a0\u00a0\u00a0\u00a0\u00a0\u00a0\u00a0\u00a0\u00a0\u00a0\u00a0\u00a0\u00a0\u00a0 \u00a0\u00a0 \u00a0\u00a0\u00a0\u00a0\u00a0 380,00 EUR<br \/>Nutzung 3 bis 7 Tage\u00a0\u00a0\u00a0\u00a0\u00a0\u00a0\u00a0\u00a0\u00a0\u00a0\u00a0\u00a0 \u00a0 \u00a0\u00a0\u00a0\u00a0\u00a0 170,00 EUR \/ Tag<\/p>\n<p>Die Kosten f\u00fcr gemietete Biertischgarnituren betragen 20,00 EUR. Die Miete der Feuerschale kostet\u00a0 5,00 EUR. Holz kostet 10,00\u20ac. Gemeinn\u00fctzigen Vereinen gew\u00e4hren wir Sonderkonditionen.<\/p>\n<p>Mit Ihrer Mietzahlung wird Ihnen die Verf\u00fcgbarkeit der gebuchten Punkte unseres Angebots garantiert. Die tats\u00e4chliche Nutzung dieser steht Ihnen frei. Bei einer Nicht-Nutzung werden die Kosten nicht zur\u00fcckerstattet.<\/p>\n<p><strong>Reservierungen k\u00f6nnen wir vier Wochen f\u00fcr Sie aufrechterhalten.<\/strong> Sollte in dieser Zeit keine verbindliche Buchung erfolgt sein, erlauben wir uns, den Termin wieder freizugeben. Bei einer Buchung bitten wir um eine Anzahlung in H\u00f6he von 50% des Mietpreises. Bis vier Wochen vor Ihrer Veranstaltung k\u00f6nnen Sie kostenfrei stornieren.<\/p>\n<p><strong>Belegungsplan:<br \/><\/strong>Rote Dreiecke bedeuten, dass ein halber Tag belegt ist (entweder vormittags oder nachmittags). Es l\u00e4sst sich leider nicht genauer darstellen. Bei Interesse fragen Sie einfach nach.<\/p>\n<p><iframe loading=\"lazy\" src=\"https:\/\/www.webplanner.de\/tools\/?6c36343a3c3069\" name=\"webplanner3179\" width=\"100%\" height=\"565\" frameborder=\"0\"><\/iframe><script type=\"text\/javascript\" src=\"https:\/\/www.webplanner.de\/tools\/js\/1400-3179.js\"><\/script><\/p>\n<p>Wenn Sie an unserem Raum interessiert sind, senden Sie uns einfach eine Anfrage per Email an <a href=\"mailto:GAZ-Leipzig@t-online.de\">gaz-leipzig@t-online.de<\/a>. Wir freuen uns auch \u00fcber Ihren Anruf unter Tel.: 0341 3389352. Vielen Dank.<\/p>\n<p><span style=\"color: #ff0000;\"><strong>Hinweis:<\/strong> von Februar bis einschlie\u00dflich M\u00e4rz ist das Vereinsb\u00fcro nur teilweise besetzt. F\u00fcr Anfragen und andere wichtige Nachrichten per Mail ben\u00f6tigen wir eine l\u00e4ngere Bearbeitungsdauer. Sollten Sie dringende Anliegen haben, erreichen Sie uns unter der Telefonnummer: 0341 \/ 33 89 352 von montags bis freitags zwischen 08:30 und 13:00. Oder Sie schauen direkt bei uns vorbei.<\/span><\/p>\n<p><a href=\"https:\/\/doelitzer-wassermuehle.de\/wp-content\/uploads\/2011\/09\/Oberm\u00fcllerhausSemi-011.jpg\"><img loading=\"lazy\" decoding=\"async\" class=\"alignleft size-thumbnail wp-image-496\" title=\"Veranstaltungsraum\" src=\"https:\/\/doelitzer-wassermuehle.de\/wp-content\/uploads\/2011\/09\/Oberm\u00fcllerhausSemi-011-180x135.jpg\" alt=\"\" width=\"180\" height=\"135\" \/><\/a><a href=\"https:\/\/doelitzer-wassermuehle.de\/wp-content\/uploads\/2011\/09\/Oberm\u00fcllerhaus-Front.jpg\"><img loading=\"lazy\" decoding=\"async\" class=\"alignleft size-thumbnail wp-image-501\" title=\"Oberm\u00fcllerhaus \" src=\"https:\/\/doelitzer-wassermuehle.de\/wp-content\/uploads\/2011\/09\/Oberm\u00fcllerhaus-Front-180x135.jpg\" alt=\"\" width=\"180\" height=\"135\" \/><\/a><a href=\"https:\/\/doelitzer-wassermuehle.de\/wp-content\/uploads\/2011\/09\/Seminarraum.jpg\"><img loading=\"lazy\" decoding=\"async\" class=\"alignleft size-thumbnail wp-image-497\" title=\"Veranstaltungsraum \" src=\"https:\/\/doelitzer-wassermuehle.de\/wp-content\/uploads\/2011\/09\/Seminarraum-180x135.jpg\" alt=\"\" width=\"180\" height=\"135\" srcset=\"https:\/\/doelitzer-wassermuehle.de\/wp-content\/uploads\/2011\/09\/Seminarraum-180x135.jpg 180w, https:\/\/doelitzer-wassermuehle.de\/wp-content\/uploads\/2011\/09\/Seminarraum-300x225.jpg 300w, https:\/\/doelitzer-wassermuehle.de\/wp-content\/uploads\/2011\/09\/Seminarraum.jpg 600w\" sizes=\"auto, (max-width: 180px) 100vw, 180px\" \/><\/a><\/p>\n<p><strong>Alternative im Gew\u00f6lberaum im Torhaus D\u00f6litz<\/strong><br \/>Sollte Ihr Wunschtermin bei uns bereits belegt sein, k\u00f6nnen Sie auch den Gew\u00f6lberaum im benachbarten Torhaus D\u00f6litz anfragen. Kontakt \u00fcber <strong>Tel.: 0178 \/ 131 70 71<\/strong> oder E-Mail: thd-reservierung@leipzig1813.com \/ <a href=\"http:\/\/www.torhaus-doelitz.eu\/vermietung.php\">www.torhaus-doelitz.eu\/ vermietung php. \u00a0 <\/a><\/p>\n\n\n<p><\/p>\n","protected":false},"excerpt":{"rendered":"<p>Veranstaltungsraum im Oberm\u00fcllerhaus Wir vermieten einen sch\u00f6nen Raum im Erdgeschoss des Oberm\u00fcllerhauses. Er ist etwa 30 m\u00b2 gro\u00df und f\u00fcr max. 20 Personen geeignet. Eine K\u00fcche ist f\u00fcr eine Selbstversorgung komplett mit Geschirr, Herd, K\u00fchlschrank und Sp\u00fclmaschine ausgestattet. F\u00fcr das &hellip; <a href=\"https:\/\/doelitzer-wassermuehle.de\/?page_id=209\">Weiterlesen <span class=\"meta-nav\">&rarr;<\/span><\/a><\/p>\n","protected":false},"author":1,"featured_media":1843,"parent":0,"menu_order":7,"comment_status":"closed","ping_status":"closed","template":"","meta":{"ngg_post_thumbnail":0,"footnotes":""},"class_list":["post-209","page","type-page","status-publish","has-post-thumbnail","hentry"],"aioseo_notices":[],"_links":{"self":[{"href":"https:\/\/doelitzer-wassermuehle.de\/index.php?rest_route=\/wp\/v2\/pages\/209","targetHints":{"allow":["GET"]}}],"collection":[{"href":"https:\/\/doelitzer-wassermuehle.de\/index.php?rest_route=\/wp\/v2\/pages"}],"about":[{"href":"https:\/\/doelitzer-wassermuehle.de\/index.php?rest_route=\/wp\/v2\/types\/page"}],"author":[{"embeddable":true,"href":"https:\/\/doelitzer-wassermuehle.de\/index.php?rest_route=\/wp\/v2\/users\/1"}],"replies":[{"embeddable":true,"href":"https:\/\/doelitzer-wassermuehle.de\/index.php?rest_route=%2Fwp%2Fv2%2Fcomments&post=209"}],"version-history":[{"count":203,"href":"https:\/\/doelitzer-wassermuehle.de\/index.php?rest_route=\/wp\/v2\/pages\/209\/revisions"}],"predecessor-version":[{"id":5424,"href":"https:\/\/doelitzer-wassermuehle.de\/index.php?rest_route=\/wp\/v2\/pages\/209\/revisions\/5424"}],"wp:featuredmedia":[{"embeddable":true,"href":"https:\/\/doelitzer-wassermuehle.de\/index.php?rest_route=\/wp\/v2\/media\/1843"}],"wp:attachment":[{"href":"https:\/\/doelitzer-wassermuehle.de\/index.php?rest_route=%2Fwp%2Fv2%2Fmedia&parent=209"}],"curies":[{"name":"wp","href":"https:\/\/api.w.org\/{rel}","templated":true}]}}