{"id":216,"date":"2011-09-10T12:45:25","date_gmt":"2011-09-10T10:45:25","guid":{"rendered":"http:\/\/doelitzer-wassermuehle.de\/?page_id=216"},"modified":"2020-09-30T12:50:43","modified_gmt":"2020-09-30T10:50:43","slug":"muhlenmuseum","status":"publish","type":"page","link":"https:\/\/doelitzer-wassermuehle.de\/?page_id=216","title":{"rendered":"M\u00fchlenmuseum"},"content":{"rendered":"<p>Aus den aktiven D\u00f6litzer M\u00fcller-Zeiten sind noch einige Produktionsmittel und diverse M\u00fchlen-Utensilien vorhanden. Diese sind derzeit eingelagert und werden St\u00fcck f\u00fcr St\u00fcck aufbereitet, gereinigt und wieder gangbar gemacht.&nbsp;Ziel ist es,&nbsp;sie&nbsp;sp\u00e4ter im M\u00fchlenmuseum zu pr\u00e4sentieren. Im Moment sind sie jedoch noch nicht zu besichtigen.<\/p>\n<p><a href=\"https:\/\/doelitzer-wassermuehle.de\/wp-content\/uploads\/2011\/11\/Turbinenrad-Thomasm\u00fchle-1.jpg\"><img loading=\"lazy\" decoding=\"async\" class=\"size-thumbnail wp-image-776 alignleft\" title=\"Turbinenrad der ehemaligen Thomasm\u00fchle\" src=\"https:\/\/doelitzer-wassermuehle.de\/wp-content\/uploads\/2011\/11\/Turbinenrad-Thomasm\u00fchle-1-180x135.jpg\" alt=\"\" width=\"180\" height=\"135\"><\/a>Seit 2010 ist auf unserem Hof das eindrucksvolle Turbinenrad der ehemaligen Thomasm\u00fchle in Leipzig zu sehen, welches 1995 bei Bauarbeiten zwischen Otto-Schill-Stra\u00dfe und Gottschedstra\u00dfe gefunden&nbsp;wurde. Einige Jahre war das Turbinenrad beim Kunstschmiede-meister Andreas Althammer in Baalsdorf zwischengelagert. Er konservierte das historische Rad auf eigene Kosten und rettete es damit vor dem weiteren Zerfall.<\/p>\n<p style=\"text-align: justify;\">Sobald die baulichen und technischen Bedingungen es erlauben, wird im Erdgeschoss der M\u00fchle, mit Blick auf die Wasserkraftanlage, unser kleines M\u00fchlenmuseum entstehen. Kern soll ein restaurierter und funktionsf\u00e4higer Mahlgang f\u00fcr Demonstrationszwecke sein, der durch das Wasserrad angetrieben wird. Er soll \u00fcber drei Etagen errichtet werden.<br \/>\nDas zuk\u00fcnftige Museum wird verschiedene Themenbereiche behandeln, wie z.B. das allgemeine M\u00fcllerhandwerk, Wasserkraft f\u00fcr M\u00fchlen und die Geschichte der D\u00f6litzer Wasserm\u00fchle. Weiterhin soll eine kleine Bibliothek zur M\u00fchlenkunde eingerichtet werden.<\/p>\n<p style=\"text-align: justify;\">Zu den zu besichtigenden Objekten im Museum werden unsere&nbsp;original erhaltene D\u00f6litzer M\u00fchlentechnik, Fotos, Dioramen &nbsp;und historische Dokumente geh\u00f6ren. In einer Aktionsecke f\u00fcr Kinder kann unter dem Thema \u201cVom Korn zum Brot\u201d die Arbeit der M\u00fcller und B\u00e4cker spielerisch erlebt werden.<\/p>\n<p style=\"text-align: justify;\">Wir sind immer auf der Suche nach weiteren Ausstellungsst\u00fccken. Wer also noch altes Handwerksger\u00e4t oder andere passende Schaust\u00fccke zu Hause hat und diese nicht mehr ben\u00f6tigt, kann sie gern f\u00fcr das Museum vorbeibringen. Auf diese Art haben wir bereits eine alte Sackwinde aus dem 19. Jhdt. von einer netten Privatperson geschenkt bekommen. Vielen Dank daf\u00fcr!<\/p>\n","protected":false},"excerpt":{"rendered":"<p>Aus den aktiven D\u00f6litzer M\u00fcller-Zeiten sind noch einige Produktionsmittel und diverse M\u00fchlen-Utensilien vorhanden. Diese sind derzeit eingelagert und werden St\u00fcck f\u00fcr St\u00fcck aufbereitet, gereinigt und wieder gangbar gemacht.&nbsp;Ziel ist es,&nbsp;sie&nbsp;sp\u00e4ter im M\u00fchlenmuseum zu pr\u00e4sentieren. Im Moment sind sie jedoch noch &hellip; <a href=\"https:\/\/doelitzer-wassermuehle.de\/?page_id=216\">Weiterlesen <span class=\"meta-nav\">&rarr;<\/span><\/a><\/p>\n","protected":false},"author":1,"featured_media":2881,"parent":126,"menu_order":13,"comment_status":"closed","ping_status":"closed","template":"","meta":{"ngg_post_thumbnail":0,"footnotes":""},"class_list":["post-216","page","type-page","status-publish","has-post-thumbnail","hentry"],"aioseo_notices":[],"_links":{"self":[{"href":"https:\/\/doelitzer-wassermuehle.de\/index.php?rest_route=\/wp\/v2\/pages\/216","targetHints":{"allow":["GET"]}}],"collection":[{"href":"https:\/\/doelitzer-wassermuehle.de\/index.php?rest_route=\/wp\/v2\/pages"}],"about":[{"href":"https:\/\/doelitzer-wassermuehle.de\/index.php?rest_route=\/wp\/v2\/types\/page"}],"author":[{"embeddable":true,"href":"https:\/\/doelitzer-wassermuehle.de\/index.php?rest_route=\/wp\/v2\/users\/1"}],"replies":[{"embeddable":true,"href":"https:\/\/doelitzer-wassermuehle.de\/index.php?rest_route=%2Fwp%2Fv2%2Fcomments&post=216"}],"version-history":[{"count":17,"href":"https:\/\/doelitzer-wassermuehle.de\/index.php?rest_route=\/wp\/v2\/pages\/216\/revisions"}],"predecessor-version":[{"id":2979,"href":"https:\/\/doelitzer-wassermuehle.de\/index.php?rest_route=\/wp\/v2\/pages\/216\/revisions\/2979"}],"up":[{"embeddable":true,"href":"https:\/\/doelitzer-wassermuehle.de\/index.php?rest_route=\/wp\/v2\/pages\/126"}],"wp:featuredmedia":[{"embeddable":true,"href":"https:\/\/doelitzer-wassermuehle.de\/index.php?rest_route=\/wp\/v2\/media\/2881"}],"wp:attachment":[{"href":"https:\/\/doelitzer-wassermuehle.de\/index.php?rest_route=%2Fwp%2Fv2%2Fmedia&parent=216"}],"curies":[{"name":"wp","href":"https:\/\/api.w.org\/{rel}","templated":true}]}}