{"id":218,"date":"2011-09-10T12:46:37","date_gmt":"2011-09-10T10:46:37","guid":{"rendered":"http:\/\/doelitzer-wassermuehle.de\/?page_id=218"},"modified":"2020-09-29T13:20:50","modified_gmt":"2020-09-29T11:20:50","slug":"breunsdorfhaus-2","status":"publish","type":"page","link":"https:\/\/doelitzer-wassermuehle.de\/?page_id=218","title":{"rendered":"Breunsdorfhaus"},"content":{"rendered":"<p style=\"text-align: justify;\"><strong>Urspr\u00fcnglicher Standort<\/strong><br \/>\nBei dem so genannten \u201eBreunsdorfhaus\u201c handelt es sich um eine ehemalige denkmalgesch\u00fctzte Scheune aus dem Ort Breunsdorf, der 1999 dem vorr\u00fcckenden Tagebau im Leipziger S\u00fcdraum weichen musste. Breunsdorf war ein typisches Stra\u00dfendorf, dessen Flur im 11. Jh. besiedelt wurde. Die zum Zeitpunkt der Devastierung vorhandene Bebauung setzte sich bis auf Ausnahmen aus Geb\u00e4uden des 18. und fr\u00fchen 19. Jahrhunderts zusammen. Sie gaben durch ihr sichtbares Fachwerk dem Ort ein typisches Bild.<\/p>\n<p style=\"text-align: justify;\">Das im Jahr 1830\/31 gebaute Seitengeb\u00e4ude des Hofes Nr.17 geh\u00f6rte zu einer der gr\u00f6\u00dften Hofanlagen in Breunsdorf. Einige Merkmale verweisen auf den gehobenen Stand des Hofes, unter anderem die Toreinfahrt, der Stall mit doppelreihigem S\u00e4ulengang und Kreuzgew\u00f6lbe, T\u00fcr\u2011 und Fensterlaibungen aus bearbeiteten Naturstein sowie das besagte Seitengeb\u00e4ude, welches durch seinen monumentalen optischen Eindruck und seinen Schaugiebel im Ortsbild, eine pr\u00e4gende Wirkung besa\u00df. Die Fachwerkkonstruktion des Obergeschosses ist typisch f\u00fcr den Altenburger Raum.<\/p>\n<p style=\"text-align: justify;\"><strong>Umsetzung des Geb\u00e4udes<\/strong><br \/>\nZun\u00e4chst wurde das Geb\u00e4ude genau aufgemessen und Sch\u00e4den an der Holzkonstruktion erfasst. Ziel war es, s\u00e4mtliche Teile des Fachwerks, des Dachstuhls und, soweit m\u00f6glich, ganze Fachwerk-Innenw\u00e4nde mit ihren originalen Gefachf\u00fcllungen zu bergen. Nach genauer Erfassung und Markierung wurde das Fachwerk abgebaut und auf dem Gel\u00e4nde der D\u00f6litzer Wasserm\u00fchle eingelagert. Es standen somit fast s\u00e4mtliche, f\u00fcr das urspr\u00fcngliche Erscheinungsbild bedeutsame, Bauteile zur Verf\u00fcgung. Besonders erw\u00e4hnenswert sind hierbei die als Schmuck dienenden Lehmritzmuster, die ein bedeutendes Zeugnis der damaligen l\u00e4ndlichen Baukultur liefern.<\/p>\n<p style=\"text-align: justify;\"><strong>Auf- und Ausbau <\/strong><br \/>\nDie Sanierung des Fachwerkes mit ca. 700 Balken begann 1996.&nbsp; Ziel war es, soweit wie m\u00f6glich, die alte Tradition von Holz- und Lehmbau wieder aufzunehmen. Bauphysikalische, baubiologische und denkmalpflegerische Gesichtspunkte bestimmten die Auswahl der Stoffe, die durch die ver\u00e4nderte Nutzung neu in das Geb\u00e4ude eingetragen werden mussten. Die behutsame Sanierung des Holztragwerkes in traditioneller Technik dominierte und ist ein Beweis, dass \u00f6kologische Bauweisen und Denkmalpflege gut miteinander zu vereinbaren sind.<\/p>\n<p style=\"text-align: justify;\">Die Erg\u00e4nzung der M\u00fchlenanlage durch ein Bauwerk, dass durch den Altenburger Raum gepr\u00e4gt ist, tr\u00e4gt in besonderem Ma\u00dfe zur architektonischen Bereicherung der Stadt Leipzig bei. Der Aufbau war im Jahr&nbsp; 2000 beendet.<\/p>\n<p style=\"text-align: justify;\"><strong>Naturkindergarten \u201eWasserm\u00fchle\u201c im Breunsdorfhaus<\/strong><br \/>\nDas Breunsdorfhaus beherbergt seit Juli 2007 im Erdgeschoss einen Naturkindergarten. Der Tr\u00e4ger ist die Fr\u00f6bel gGmbH. Anfragen zum Kindergarten richten Sie bitte an die Fr\u00f6bel gGmbH unter Tel.: 0341 \/ 942 00 45.<\/p>\n<div>\n<div id=\"attachment_515\" style=\"width: 190px\" class=\"wp-caption alignleft\"><a href=\"https:\/\/doelitzer-wassermuehle.de\/wp-content\/uploads\/2011\/09\/BDH-Als-Scheune.jpg\"><img loading=\"lazy\" decoding=\"async\" aria-describedby=\"caption-attachment-515\" class=\"size-thumbnail wp-image-515\" title=\"BDH Als Scheune\" src=\"https:\/\/doelitzer-wassermuehle.de\/wp-content\/uploads\/2011\/09\/BDH-Als-Scheune-180x135.jpg\" alt=\"\" width=\"180\" height=\"135\"><\/a><p id=\"caption-attachment-515\" class=\"wp-caption-text\">Breunsdorf Nr. 17<\/p><\/div>\n<div class=\"mceTemp\">\n<div id=\"attachment_837\" style=\"width: 190px\" class=\"wp-caption alignleft\"><a href=\"https:\/\/doelitzer-wassermuehle.de\/wp-content\/uploads\/2011\/12\/Breunsdorfhaus-heute.jpg\"><img loading=\"lazy\" decoding=\"async\" aria-describedby=\"caption-attachment-837\" class=\"size-thumbnail wp-image-837\" title=\"Breunsdorfhaus heute\" src=\"https:\/\/doelitzer-wassermuehle.de\/wp-content\/uploads\/2011\/12\/Breunsdorfhaus-heute-180x135.jpg\" alt=\"\" width=\"180\" height=\"135\"><\/a><p id=\"caption-attachment-837\" class=\"wp-caption-text\">Breunsdorfhaus heute<\/p><\/div>\n<\/div>\n<\/div>\n","protected":false},"excerpt":{"rendered":"<p>Urspr\u00fcnglicher Standort Bei dem so genannten \u201eBreunsdorfhaus\u201c handelt es sich um eine ehemalige denkmalgesch\u00fctzte Scheune aus dem Ort Breunsdorf, der 1999 dem vorr\u00fcckenden Tagebau im Leipziger S\u00fcdraum weichen musste. Breunsdorf war ein typisches Stra\u00dfendorf, dessen Flur im 11. Jh. besiedelt &hellip; <a href=\"https:\/\/doelitzer-wassermuehle.de\/?page_id=218\">Weiterlesen <span class=\"meta-nav\">&rarr;<\/span><\/a><\/p>\n","protected":false},"author":1,"featured_media":2906,"parent":103,"menu_order":14,"comment_status":"closed","ping_status":"closed","template":"","meta":{"ngg_post_thumbnail":0,"footnotes":""},"class_list":["post-218","page","type-page","status-publish","has-post-thumbnail","hentry"],"aioseo_notices":[],"_links":{"self":[{"href":"https:\/\/doelitzer-wassermuehle.de\/index.php?rest_route=\/wp\/v2\/pages\/218","targetHints":{"allow":["GET"]}}],"collection":[{"href":"https:\/\/doelitzer-wassermuehle.de\/index.php?rest_route=\/wp\/v2\/pages"}],"about":[{"href":"https:\/\/doelitzer-wassermuehle.de\/index.php?rest_route=\/wp\/v2\/types\/page"}],"author":[{"embeddable":true,"href":"https:\/\/doelitzer-wassermuehle.de\/index.php?rest_route=\/wp\/v2\/users\/1"}],"replies":[{"embeddable":true,"href":"https:\/\/doelitzer-wassermuehle.de\/index.php?rest_route=%2Fwp%2Fv2%2Fcomments&post=218"}],"version-history":[{"count":9,"href":"https:\/\/doelitzer-wassermuehle.de\/index.php?rest_route=\/wp\/v2\/pages\/218\/revisions"}],"predecessor-version":[{"id":2904,"href":"https:\/\/doelitzer-wassermuehle.de\/index.php?rest_route=\/wp\/v2\/pages\/218\/revisions\/2904"}],"up":[{"embeddable":true,"href":"https:\/\/doelitzer-wassermuehle.de\/index.php?rest_route=\/wp\/v2\/pages\/103"}],"wp:featuredmedia":[{"embeddable":true,"href":"https:\/\/doelitzer-wassermuehle.de\/index.php?rest_route=\/wp\/v2\/media\/2906"}],"wp:attachment":[{"href":"https:\/\/doelitzer-wassermuehle.de\/index.php?rest_route=%2Fwp%2Fv2%2Fmedia&parent=218"}],"curies":[{"name":"wp","href":"https:\/\/api.w.org\/{rel}","templated":true}]}}