{"id":222,"date":"2011-09-10T12:47:38","date_gmt":"2011-09-10T10:47:38","guid":{"rendered":"http:\/\/doelitzer-wassermuehle.de\/?page_id=222"},"modified":"2020-09-29T13:29:50","modified_gmt":"2020-09-29T11:29:50","slug":"obermullerhaus","status":"publish","type":"page","link":"https:\/\/doelitzer-wassermuehle.de\/?page_id=222","title":{"rendered":"Oberm\u00fcllerhaus"},"content":{"rendered":"<p style=\"text-align: justify;\">Das so genannte \u201eOberm\u00fcllerhaus\u201c ist eines der noch original erhaltenen Geb\u00e4ude auf dem M\u00fchlenhof. Fr\u00fcher waren hier Stallungen untergebracht, wom\u00f6glich lebte im linken Geb\u00e4udeteil der ehemalige Oberm\u00fcller.<\/p>\n<p style=\"text-align: justify;\">Unter Ber\u00fccksichtigung baubiologischer Gesichtspunkte wurde das Geb\u00e4ude bereits 1997 fertig gestellt. Ausger\u00fcstet mit einer Solaranlage, einer Solarthermieanlage und einer vollbiologischen Kleinkl\u00e4ranlage schlie\u00dft das Oberm\u00fcllerhaus die Schere zwischen bau\u00f6kologischer Theorie und Praxis. Das Geb\u00e4ude beherbergt unser Vereinsb\u00fcro sowie einen sch\u00f6nen Veranstaltungsraum.<\/p>\n<p style=\"text-align: justify;\"><a href=\"https:\/\/doelitzer-wassermuehle.de\/wp-content\/uploads\/2011\/09\/Oberm\u00fcllerhaus-Front.jpg\"><img loading=\"lazy\" decoding=\"async\" class=\"alignleft size-thumbnail wp-image-501\" title=\"Oberm\u00fcllerhaus \" src=\"https:\/\/doelitzer-wassermuehle.de\/wp-content\/uploads\/2011\/09\/Oberm\u00fcllerhaus-Front-180x135.jpg\" alt=\"\" width=\"180\" height=\"135\"><\/a><\/p>\n","protected":false},"excerpt":{"rendered":"<p>Das so genannte \u201eOberm\u00fcllerhaus\u201c ist eines der noch original erhaltenen Geb\u00e4ude auf dem M\u00fchlenhof. Fr\u00fcher waren hier Stallungen untergebracht, wom\u00f6glich lebte im linken Geb\u00e4udeteil der ehemalige Oberm\u00fcller. Unter Ber\u00fccksichtigung baubiologischer Gesichtspunkte wurde das Geb\u00e4ude bereits 1997 fertig gestellt. Ausger\u00fcstet mit &hellip; <a href=\"https:\/\/doelitzer-wassermuehle.de\/?page_id=222\">Weiterlesen <span class=\"meta-nav\">&rarr;<\/span><\/a><\/p>\n","protected":false},"author":1,"featured_media":2917,"parent":103,"menu_order":16,"comment_status":"closed","ping_status":"closed","template":"","meta":{"ngg_post_thumbnail":0,"footnotes":""},"class_list":["post-222","page","type-page","status-publish","has-post-thumbnail","hentry"],"aioseo_notices":[],"_links":{"self":[{"href":"https:\/\/doelitzer-wassermuehle.de\/index.php?rest_route=\/wp\/v2\/pages\/222","targetHints":{"allow":["GET"]}}],"collection":[{"href":"https:\/\/doelitzer-wassermuehle.de\/index.php?rest_route=\/wp\/v2\/pages"}],"about":[{"href":"https:\/\/doelitzer-wassermuehle.de\/index.php?rest_route=\/wp\/v2\/types\/page"}],"author":[{"embeddable":true,"href":"https:\/\/doelitzer-wassermuehle.de\/index.php?rest_route=\/wp\/v2\/users\/1"}],"replies":[{"embeddable":true,"href":"https:\/\/doelitzer-wassermuehle.de\/index.php?rest_route=%2Fwp%2Fv2%2Fcomments&post=222"}],"version-history":[{"count":7,"href":"https:\/\/doelitzer-wassermuehle.de\/index.php?rest_route=\/wp\/v2\/pages\/222\/revisions"}],"predecessor-version":[{"id":2918,"href":"https:\/\/doelitzer-wassermuehle.de\/index.php?rest_route=\/wp\/v2\/pages\/222\/revisions\/2918"}],"up":[{"embeddable":true,"href":"https:\/\/doelitzer-wassermuehle.de\/index.php?rest_route=\/wp\/v2\/pages\/103"}],"wp:featuredmedia":[{"embeddable":true,"href":"https:\/\/doelitzer-wassermuehle.de\/index.php?rest_route=\/wp\/v2\/media\/2917"}],"wp:attachment":[{"href":"https:\/\/doelitzer-wassermuehle.de\/index.php?rest_route=%2Fwp%2Fv2%2Fmedia&parent=222"}],"curies":[{"name":"wp","href":"https:\/\/api.w.org\/{rel}","templated":true}]}}