{"id":224,"date":"2011-09-10T12:47:59","date_gmt":"2011-09-10T10:47:59","guid":{"rendered":"http:\/\/doelitzer-wassermuehle.de\/?page_id=224"},"modified":"2023-03-09T11:30:33","modified_gmt":"2023-03-09T10:30:33","slug":"tagelohnerhaus-2","status":"publish","type":"page","link":"https:\/\/doelitzer-wassermuehle.de\/?page_id=224","title":{"rendered":"Vollhardthaus"},"content":{"rendered":"<p style=\"text-align: justify;\">Das so genannte \u201eVollhardthaus\u201c ist ein denkmalgesch\u00fctztes Lehmwellhaus. Es ist eines der wenigen noch erhaltenen H\u00e4user in Lehmbauweise in Leipzig. Gebaut wird es offenbar ca. 1810, das eine Labor-Untersuchung der Dachbalken ergab. Zur Zeit der V\u00f6lkerschlacht lebte hier der Gerichtssch\u00f6ffe Gottlieb Vollhardt. Von ihm stammen mehrere Berichte \u00fcber das Leid der Bev\u00f6lkerung in D\u00f6litz sowie ein ausf\u00fchrlicher Augenzeugenbericht \u00fcber den Angriff der \u00d6sterreicher auf das Schloss D\u00f6litz am 16. Oktober 1813, bei der auch die D\u00f6litzer Wasserm\u00fchle bis auf ihre Grundmauern abbrannte.<\/p>\n<p>Das Vollhardtsche Anwesen befand sich in der damaligen M\u00fchlstra\u00dfe Nr. 12, n\u00f6rdlich der M\u00fchle gelegen,\u00a0 bestehend aus einem kleinen Wohnhaus samt Kuh- uns Schweinestall, Scheune, Grasegarten mit Obstb\u00e4umen, zwei Sechstel Acker Feld und zwei Milchk\u00fche, die er als Zugtiere einsetzt\u201c. <br \/>(Quelle Ekkehard Schulreich; D\u00f6litzer Lebensbilder, Bd. 4 2013, Verlag pro Leipzig). <br \/>Viel mehr ist \u00fcber Gottlieb Vollhardt nicht zu finden. <br \/>Das Haus wurde bei den Gefechten gl\u00fccklicherweise nicht zerst\u00f6rt. Um Mitte des 19. Jahrhunderts bekam es noch einen turm\u00e4hnlichen Anbau f\u00fcr das Treppenhaus. 1912, zwei Jahre nach der Eingemeindung D\u00f6litz zu Leipzig wird die ehemalige M\u00fchlstra\u00dfe in Vollhardstra\u00dfe umbenannt. Die Bauakte zum Grundst\u00fcck M\u00fchlstra\u00dfe 12 beginnt erst 1876 . Zu diesem Zeitpunkt wohnt in dem H\u00e4uschen der Schornsteinfegermeister Johann Gottlob Friedrich Gevatter, der einen kleinen Neubau zwischen dem einst Vollhardtschen Wohnhaus und dem Schuppen errichten darf. 18 Jahre sp\u00e4ter 1894, ist das Grundst\u00fcck an den G\u00e4rtnereibesitzer Karl Eduard\u00a0 Schlosser \u00fcbergegangen, der ein \u201e Concessiongesuch zum Neubau eines Kalt- und Gew\u00e4chshauses\u201c stellt.<br \/>1918 verstirbt der Schlossbesitzer Georg Ernst von Winckler, zu dessen Grundbesitz die nun so genannte Vollhardtstra\u00dfe geh\u00f6rt. Die Erben verkaufen 1929 den Schlossbesitz an die Stadt Leipzig, zu diesem Zeitpunkt hat das Anwesen Hermann Schnurpel gepachtet.<\/p>\n<p>Als 1938 die Crostewitzstra\u00dfe (heute Matzelstra\u00dfe) verl\u00e4ngert wird, wird der ehemalige Dorfanger zwischen Helenenstra\u00dfe und Vollhardtstra\u00dfe durchbrochen. \u00a0In den 1970er Jahren wird der Goethesteig zum Verkehrszubringer der neuen Fernverkehrsstra\u00dfen B2 und B95. 1971 gib es \u00dcberlegungen, das Volhhardthaus zu rekonstruieren, dies wird aber vom VEB Kommunale Geb\u00e4udeverwaltung aus st\u00e4dtebaulicher Sicht abgelehn, da das Geb\u00e4ude im Einzugsbereich des Nordeingangs des agra-Messeparks geh\u00f6rt. Danach ist es still um das Haus.<\/p>\n<p>Bis 2009. Um das Haus vor dem weiteren Verfall zu bewahren, wurden durch den Verein in den vergangenen Jahren etliche Bauma\u00dfnahmen in Eigenleistung durchgef\u00fchrt. Im Jahr 2011 wurde zuerst der turm\u00e4hnliche Anbau abgerissen, da er nicht unter Denkmalschutz stand. Marode Holzbalken im unterputzen Fachwerk wurden 2012 ausgetauscht und der \u00e4u\u00dfere Lehmputz erneuert. Die fr\u00fchere T\u00fcr\u00f6ffnung an der S\u00fcdseite wurde wieder hergestellt und die alten Fenster erhielten teilweise neue Glasscheiben. <br \/>2017 wurden mit Unterst\u00fctzung \u00f6ffentlicher Besch\u00e4ftigung die historischen T\u00fcren im Inneneren abgeschliffen und 2018 der Innen-Lehmputz erneuert. Im Jahr 2019 wurde das Dach neu gedeckt. Dabei wurde der alte Dachstuhl so weit wie m\u00f6glich erhalten. Das Haus erhielt auch einen neuen Schornstein und eine traditionelle Ofenheizung f\u00fcr Holz.<br \/>Da der Lehm-Au\u00dfenputz sehr schadhaft war, wurde ein F\u00f6rderantrag bei der<strong> Deutschen Stiftung Denkmalschutz<\/strong> gestellt, der bewilligt wurde. So konnte die komplette Sanierung des Lehm-Au\u00dfenputzes in 2022 umgesetzt werden. Zum Tag des offenen Denkmals am 11.09.2022 wurde das historische Lehmhaus zur Schaubaustelle. Das fachm\u00e4nnische Auftragen eines neuen Lehmputzes mit Unter- und Oberputzschicht \u00fcbernahm die Lehmbau-Lovis UG aus Dreiskau-Muckern. Die Schaubaustelle war ein Besuchermagnet und viele G\u00e4ste informierten sich \u00fcber die alte Handwerkstechnik.<\/p>\n<p style=\"text-align: justify;\">Seit 2019 ist eine kleine Galerie in den R\u00e4umlichkeiten untergebracht, deren authentischer Charme viele K\u00fcnstler und Publikum bezaubert hat. Insgesamt wird das Haus sehr behutsam saniert. Dabei wird soviel wie m\u00f6glich auf den Erhalt des Altbestands Wert gelegt. Als n\u00e4chster Schritt wird noch die Inneneinrichtung komplettiert.<\/p>\n<p style=\"text-align: justify;\"><a href=\"https:\/\/doelitzer-wassermuehle.de\/wp-content\/uploads\/2012\/07\/Anbau_1.jpg\"><img loading=\"lazy\" decoding=\"async\" class=\"wp-image-920 alignnone\" title=\"ehem. Anbau am Tagel\u00f6hnerhaus\" src=\"https:\/\/doelitzer-wassermuehle.de\/wp-content\/uploads\/2012\/07\/Anbau_1.jpg\" alt=\"\" width=\"174\" height=\"261\" \/><\/a> \u00a0\u00a0 <a href=\"https:\/\/doelitzer-wassermuehle.de\/wp-content\/uploads\/2011\/12\/Tagel\u00f6hnerhaus_web.jpg\"><img loading=\"lazy\" decoding=\"async\" class=\"wp-image-839 alignnone\" title=\"Tagel\u00f6hnerhaus\" src=\"https:\/\/doelitzer-wassermuehle.de\/wp-content\/uploads\/2011\/12\/Tagel\u00f6hnerhaus_web-180x135.jpg\" alt=\"\" width=\"348\" height=\"261\" \/><\/a> \u00a0\u00a0\u00a0\u00a0\u00a0\u00a0<\/p>\n<p style=\"text-align: justify;\">ehemaliger Anbau\u00a0\u00a0\u00a0\u00a0\u00a0\u00a0\u00a0\u00a0\u00a0\u00a0\u00a0\u00a0\u00a0\u00a0\u00a0\u00a0\u00a0\u00a0\u00a0\u00a0\u00a0\u00a0 Zustand bis 2019\u00a0 \u00a0<\/p>\n<p><img loading=\"lazy\" decoding=\"async\" class=\"alignnone  wp-image-2543\" src=\"https:\/\/doelitzer-wassermuehle.de\/wp-content\/uploads\/2020\/03\/02.03.2020-2-scaled.jpg\" alt=\"\" width=\"415\" height=\"312\" srcset=\"https:\/\/doelitzer-wassermuehle.de\/wp-content\/uploads\/2020\/03\/02.03.2020-2-scaled.jpg 2560w, https:\/\/doelitzer-wassermuehle.de\/wp-content\/uploads\/2020\/03\/02.03.2020-2-300x225.jpg 300w, https:\/\/doelitzer-wassermuehle.de\/wp-content\/uploads\/2020\/03\/02.03.2020-2-600x450.jpg 600w, https:\/\/doelitzer-wassermuehle.de\/wp-content\/uploads\/2020\/03\/02.03.2020-2-180x135.jpg 180w, https:\/\/doelitzer-wassermuehle.de\/wp-content\/uploads\/2020\/03\/02.03.2020-2-768x576.jpg 768w, https:\/\/doelitzer-wassermuehle.de\/wp-content\/uploads\/2020\/03\/02.03.2020-2-1536x1152.jpg 1536w, https:\/\/doelitzer-wassermuehle.de\/wp-content\/uploads\/2020\/03\/02.03.2020-2-2048x1536.jpg 2048w\" sizes=\"auto, (max-width: 415px) 100vw, 415px\" \/><\/p>\n<p>Dachsanierung in 2019<\/p>\n<p><img loading=\"lazy\" decoding=\"async\" class=\"alignnone  wp-image-2521\" src=\"https:\/\/doelitzer-wassermuehle.de\/wp-content\/uploads\/2020\/03\/Fotoausstellung-Sep-19.jpg\" alt=\"\" width=\"410\" height=\"308\" srcset=\"https:\/\/doelitzer-wassermuehle.de\/wp-content\/uploads\/2020\/03\/Fotoausstellung-Sep-19.jpg 1600w, https:\/\/doelitzer-wassermuehle.de\/wp-content\/uploads\/2020\/03\/Fotoausstellung-Sep-19-300x225.jpg 300w, https:\/\/doelitzer-wassermuehle.de\/wp-content\/uploads\/2020\/03\/Fotoausstellung-Sep-19-600x450.jpg 600w, https:\/\/doelitzer-wassermuehle.de\/wp-content\/uploads\/2020\/03\/Fotoausstellung-Sep-19-180x135.jpg 180w, https:\/\/doelitzer-wassermuehle.de\/wp-content\/uploads\/2020\/03\/Fotoausstellung-Sep-19-768x576.jpg 768w, https:\/\/doelitzer-wassermuehle.de\/wp-content\/uploads\/2020\/03\/Fotoausstellung-Sep-19-1536x1152.jpg 1536w\" sizes=\"auto, (max-width: 410px) 100vw, 410px\" \/><\/p>\n<p>Galerie mit Fotoausstellung<\/p>\n<p style=\"text-align: justify;\"><img loading=\"lazy\" decoding=\"async\" class=\"thumbnail\" src=\"https:\/\/doelitzer-wassermuehle.de\/wp-content\/uploads\/2023\/01\/2022-09-11-Schaubaustelle-10.jpg\" alt=\"\" width=\"409\" height=\"307\" \/>\u00a0\u00a0\u00a0 \u00a0 \u00a0 \u00a0\u00a0\u00a0 <img loading=\"lazy\" decoding=\"async\" class=\"thumbnail\" src=\"https:\/\/doelitzer-wassermuehle.de\/wp-content\/uploads\/2023\/01\/grafik.png\" alt=\"\" width=\"411\" height=\"548\" \/><\/p>\n\n\n<p>Schaubaustelle zum Tag des offenen Denkmals am 11.09.2022<\/p>\n","protected":false},"excerpt":{"rendered":"<p>Das so genannte \u201eVollhardthaus\u201c ist ein denkmalgesch\u00fctztes Lehmwellhaus. Es ist eines der wenigen noch erhaltenen H\u00e4user in Lehmbauweise in Leipzig. Gebaut wird es offenbar ca. 1810, das eine Labor-Untersuchung der Dachbalken ergab. Zur Zeit der V\u00f6lkerschlacht lebte hier der Gerichtssch\u00f6ffe &hellip; <a href=\"https:\/\/doelitzer-wassermuehle.de\/?page_id=224\">Weiterlesen <span class=\"meta-nav\">&rarr;<\/span><\/a><\/p>\n","protected":false},"author":1,"featured_media":2921,"parent":103,"menu_order":17,"comment_status":"closed","ping_status":"closed","template":"","meta":{"ngg_post_thumbnail":0,"footnotes":""},"class_list":["post-224","page","type-page","status-publish","has-post-thumbnail","hentry"],"aioseo_notices":[],"_links":{"self":[{"href":"https:\/\/doelitzer-wassermuehle.de\/index.php?rest_route=\/wp\/v2\/pages\/224","targetHints":{"allow":["GET"]}}],"collection":[{"href":"https:\/\/doelitzer-wassermuehle.de\/index.php?rest_route=\/wp\/v2\/pages"}],"about":[{"href":"https:\/\/doelitzer-wassermuehle.de\/index.php?rest_route=\/wp\/v2\/types\/page"}],"author":[{"embeddable":true,"href":"https:\/\/doelitzer-wassermuehle.de\/index.php?rest_route=\/wp\/v2\/users\/1"}],"replies":[{"embeddable":true,"href":"https:\/\/doelitzer-wassermuehle.de\/index.php?rest_route=%2Fwp%2Fv2%2Fcomments&post=224"}],"version-history":[{"count":71,"href":"https:\/\/doelitzer-wassermuehle.de\/index.php?rest_route=\/wp\/v2\/pages\/224\/revisions"}],"predecessor-version":[{"id":4608,"href":"https:\/\/doelitzer-wassermuehle.de\/index.php?rest_route=\/wp\/v2\/pages\/224\/revisions\/4608"}],"up":[{"embeddable":true,"href":"https:\/\/doelitzer-wassermuehle.de\/index.php?rest_route=\/wp\/v2\/pages\/103"}],"wp:featuredmedia":[{"embeddable":true,"href":"https:\/\/doelitzer-wassermuehle.de\/index.php?rest_route=\/wp\/v2\/media\/2921"}],"wp:attachment":[{"href":"https:\/\/doelitzer-wassermuehle.de\/index.php?rest_route=%2Fwp%2Fv2%2Fmedia&parent=224"}],"curies":[{"name":"wp","href":"https:\/\/api.w.org\/{rel}","templated":true}]}}