{"id":227,"date":"2011-09-10T12:48:52","date_gmt":"2011-09-10T10:48:52","guid":{"rendered":"http:\/\/doelitzer-wassermuehle.de\/?page_id=227"},"modified":"2020-09-30T12:14:53","modified_gmt":"2020-09-30T10:14:53","slug":"wasserkraftanlage-2","status":"publish","type":"page","link":"https:\/\/doelitzer-wassermuehle.de\/?page_id=227","title":{"rendered":"Wasserkraftanlage"},"content":{"rendered":"<p style=\"text-align: justify;\">Unsere Wasserkraftanlage ist der optische und technische H\u00f6hepunkt auf unserem M\u00fchlengel\u00e4nde. Ihre Wiederinbetriebnahme war von Anfang an ein wesentlicher Bestandteil der Gesamtkonzeption zur Entwicklung des M\u00fchlengel\u00e4ndes und von besonderer Bedeutung f\u00fcr die zuk\u00fcnftige Nutzung des M\u00fchlenhauptgeb\u00e4udes.<\/p>\n<p style=\"text-align: justify;\">Die Projektierung zum Bau des Wasserrades begann bereits im Jahr 2002. &nbsp;Der Bau des Wasserrades konnte Ende 2005 beim&nbsp; M\u00fchlenbauer Herrn Gottfried Schumannn aus dem s\u00e4chsischen Mulda beauftragt werden. Zum deutschen M\u00fchlentag am 05. Juni 2006 wurde es feierlich eingeweiht.<\/p>\n<p><a rel=\"attachment wp-att-420\" href=\"https:\/\/doelitzer-wassermuehle.de\/?attachment_id=420\"><img loading=\"lazy\" decoding=\"async\" class=\"alignleft size-thumbnail wp-image-420\" title=\"Wasserkraftanlage\" src=\"https:\/\/doelitzer-wassermuehle.de\/wp-content\/uploads\/2011\/09\/muehlrad_01-180x135.jpg\" alt=\"\" width=\"180\" height=\"135\" srcset=\"https:\/\/doelitzer-wassermuehle.de\/wp-content\/uploads\/2011\/09\/muehlrad_01-180x135.jpg 180w, https:\/\/doelitzer-wassermuehle.de\/wp-content\/uploads\/2011\/09\/muehlrad_01-300x225.jpg 300w, https:\/\/doelitzer-wassermuehle.de\/wp-content\/uploads\/2011\/09\/muehlrad_01.jpg 600w\" sizes=\"auto, (max-width: 180px) 100vw, 180px\" \/><\/a><\/p>\n<p style=\"text-align: justify;\">Das Wasserrad der D\u00f6litzer Wasserm\u00fchle ist aus nordischem L\u00e4rchenholz gefertigt und besitzt ein Kopfgerinne. Es hat eine Breite von 4,0 m und die Kranzbreite betr\u00e4gt 50 cm. Die doppelten Kr\u00e4nze sind mit Holzn\u00e4geln vernagelt. Die 36 Schaufeln haben einen Abstand von 34,8 cm und eine lichte Breite von 1,25 m. Sie treiben eine Welle aus Stahl an, die einen Durchmesser von 16,5 cm hat. Alle Holzteile sind impr\u00e4gniert, die Eisenteile verzinkt.<\/p>\n<p style=\"text-align: justify;\">Seit 2009 ist \u00fcber eine Welle ein Generator angeschlossen, mit dem \u201eGr\u00fcner Strom\u201c erzeugt und ins \u00f6ffentliche Netz eingespeist wird. Die Wasserkraftanlage ist mit einer Leistung von 5 kWh ausgelegt. Das&nbsp;Konzept und die Umsetzung f\u00fcr die technische Steuerung realisierte die Firma Polzin Elektromaschinenbau&nbsp;aus Leipzig.<\/p>\n<p style=\"text-align: justify;\">Das Projekt Wasserkraftanlage wurde finanziell&nbsp;unterst\u00fctzt durch die Stadtwerke Leipzig GmbH,&nbsp;&nbsp;die Sparkasse Leipzig, die Leipziger Volkszeitung, die Firma Polzin Elektromaschinenbau, die B\u00e4ckerei Kleinert und vielen privaten Spendern. Herzlichen Dank allen!&nbsp;<\/p>\n","protected":false},"excerpt":{"rendered":"<p>Unsere Wasserkraftanlage ist der optische und technische H\u00f6hepunkt auf unserem M\u00fchlengel\u00e4nde. Ihre Wiederinbetriebnahme war von Anfang an ein wesentlicher Bestandteil der Gesamtkonzeption zur Entwicklung des M\u00fchlengel\u00e4ndes und von besonderer Bedeutung f\u00fcr die zuk\u00fcnftige Nutzung des M\u00fchlenhauptgeb\u00e4udes. Die Projektierung zum Bau &hellip; <a href=\"https:\/\/doelitzer-wassermuehle.de\/?page_id=227\">Weiterlesen <span class=\"meta-nav\">&rarr;<\/span><\/a><\/p>\n","protected":false},"author":1,"featured_media":2879,"parent":107,"menu_order":18,"comment_status":"closed","ping_status":"closed","template":"","meta":{"ngg_post_thumbnail":0,"footnotes":""},"class_list":["post-227","page","type-page","status-publish","has-post-thumbnail","hentry"],"aioseo_notices":[],"_links":{"self":[{"href":"https:\/\/doelitzer-wassermuehle.de\/index.php?rest_route=\/wp\/v2\/pages\/227","targetHints":{"allow":["GET"]}}],"collection":[{"href":"https:\/\/doelitzer-wassermuehle.de\/index.php?rest_route=\/wp\/v2\/pages"}],"about":[{"href":"https:\/\/doelitzer-wassermuehle.de\/index.php?rest_route=\/wp\/v2\/types\/page"}],"author":[{"embeddable":true,"href":"https:\/\/doelitzer-wassermuehle.de\/index.php?rest_route=\/wp\/v2\/users\/1"}],"replies":[{"embeddable":true,"href":"https:\/\/doelitzer-wassermuehle.de\/index.php?rest_route=%2Fwp%2Fv2%2Fcomments&post=227"}],"version-history":[{"count":25,"href":"https:\/\/doelitzer-wassermuehle.de\/index.php?rest_route=\/wp\/v2\/pages\/227\/revisions"}],"predecessor-version":[{"id":2946,"href":"https:\/\/doelitzer-wassermuehle.de\/index.php?rest_route=\/wp\/v2\/pages\/227\/revisions\/2946"}],"up":[{"embeddable":true,"href":"https:\/\/doelitzer-wassermuehle.de\/index.php?rest_route=\/wp\/v2\/pages\/107"}],"wp:featuredmedia":[{"embeddable":true,"href":"https:\/\/doelitzer-wassermuehle.de\/index.php?rest_route=\/wp\/v2\/media\/2879"}],"wp:attachment":[{"href":"https:\/\/doelitzer-wassermuehle.de\/index.php?rest_route=%2Fwp%2Fv2%2Fmedia&parent=227"}],"curies":[{"name":"wp","href":"https:\/\/api.w.org\/{rel}","templated":true}]}}