{"id":235,"date":"2011-09-10T12:50:51","date_gmt":"2011-09-10T10:50:51","guid":{"rendered":"http:\/\/doelitzer-wassermuehle.de\/?page_id=235"},"modified":"2025-08-04T11:51:41","modified_gmt":"2025-08-04T09:51:41","slug":"kindertagesstatten","status":"publish","type":"page","link":"https:\/\/doelitzer-wassermuehle.de\/?page_id=235","title":{"rendered":"Kindertagesst\u00e4tten"},"content":{"rendered":"<div class=\"editor-visual-editor__post-title-wrapper edit-post-visual-editor__post-title-wrapper\" contenteditable=\"false\">\n<p>Liebe ErzieherInnen und P\u00e4dagogInnen,<\/p>\n<p>Mit der Umweltp\u00e4dagogik auf dem Hof der D\u00f6litzer Wasserm\u00fchle m\u00f6chten wir besonders Kindern und Jugendlichen Klima und Umwelt n\u00e4herbringen. Unsere Kurse werden dabei von Honorarkr\u00e4ften geleitet. Mit den Einnahmen werden die Honorarkr\u00e4fte und die Materialien f\u00fcr die Kurse bezahlt.<\/p>\n<\/div>\n<div class=\"is-root-container is-desktop-preview is-layout-flow wp-block-post-content block-editor-block-list__layout\">\n<p>Unser Verein h\u00e4lt interessante Angebote f\u00fcr einen Ausflug mit Ihrer Kindergartengruppe (Alter von 4 &#8211; 6 Jahren) bereit. Die idyllische Lage der Wasserm\u00fchle an der M\u00fchlplei\u00dfe bietet ideale M\u00f6glichkeiten, die Natur und besonders das Wasser mit allen Sinnen zu erleben.<\/p>\n<\/div>\n<p><strong><img loading=\"lazy\" decoding=\"async\" class=\"thumbnail alignleft\" src=\"https:\/\/doelitzer-wassermuehle.de\/wp-content\/uploads\/2020\/10\/IMG_2312-scaled.jpg\" alt=\"\" width=\"269\" height=\"202\" \/>Angebot &#8222;M\u00fchlen-Wald-Rallye&#8220;<br \/>\n<\/strong>Bei unserer M\u00fchlen-Wald-Rallye geht es darum, Spa\u00df zu haben, die Natur zu entdecken und verschiedene Aufgaben zu l\u00f6sen. Unterwegs machen wir Rast am Naturspielplatz &#8222;Kinderreich&#8220; und sammeln Naturmaterialien, die dann mit nach Hause genommen werden k\u00f6nnen.<br \/>\nWir servieren einen &#8222;selbstgebrauten&#8220; M\u00fchlentrunk und empfehlen Ihnen, ein Lunchpaket mitzubringen, da die Kinder meist sehr gro\u00dfen Hunger nach der Tour haben.<\/p>\n<p>Zeitdauer ca. 3 Stunden<\/p>\n<p>Kosten: Pro Veranstaltung sind 130 EUR zu entrichten.<\/p>\n<p style=\"text-align: justify;\"><strong> <img loading=\"lazy\" decoding=\"async\" class=\"thumbnail alignleft\" src=\"https:\/\/doelitzer-wassermuehle.de\/wp-content\/uploads\/2020\/10\/P3300020-scaled.jpg\" alt=\"\" width=\"273\" height=\"205\" \/> <\/strong><\/p>\n<p style=\"text-align: justify;\"><strong>Angebot &#8222;Insekten &#8211; kleine und<\/strong><strong> n\u00fctzliche Tierchen&#8220;<\/strong><br \/>\nEs gibt leider immer weniger K\u00e4fer,\u00a0\u00a0\u00a0\u00a0 M\u00fccken, Spinnen und Falter. Diese kleinen\u00a0 Tierchen mit sechs oder acht Beinchen sind zwar nicht jedermanns Sache, aber sie sind sehr wichtig f\u00fcr unser \u00f6kologisches Gleichgewicht. Wir gehen mit der Lupe auf Suche nach ihnen, lernen die g\u00e4ngigsten Arten kennen, die es auf unseren Wiesen gibt und besch\u00e4ftigen uns mit den Bienen. Wir versuchen uns vorzustellen, wie traurig ein &#8222;stummen Fr\u00fchling&#8220; ohne V\u00f6gelgezwitscher sein w\u00fcrde und was man auch als Kind Gutes f\u00fcr Insekten tun kann. Anschlie\u00dfend gibt es noch eine kleine Bastelei.<\/p>\n<p style=\"text-align: justify;\">Zeit: ca. 2,0 Stunden<\/p>\n<p style=\"text-align: justify;\">Kosten: Pro Veranstaltung sind 130 EUR zu entrichten.<\/p>\n<p align=\"left\"><a href=\"https:\/\/doelitzer-wassermuehle.de\/wp-content\/uploads\/2014\/02\/CIMG0080.jpg\"><img loading=\"lazy\" decoding=\"async\" class=\"wp-image-1412 alignleft\" src=\"https:\/\/doelitzer-wassermuehle.de\/wp-content\/uploads\/2014\/02\/CIMG0080-180x135.jpg\" alt=\"CIMG0080\" width=\"269\" height=\"202\" \/><\/a><strong>Angebot \u201eWasser erleben\u201c<br \/>\n<\/strong>Auf unserem Gel\u00e4nde sind verschiedene wasser-technische Anlagen im Einsatz, die wir in einem kleinen Rundgang den Kindern zeigen k\u00f6nnen. Besonders beeindruckend ist nat\u00fcrlich unser Wasserrad. Wir n\u00e4hern uns dem Thema Wasser nicht nur spielerisch an. Im Anschluss werden wir gemeinsam Basteln, Malen oder kleine Experimente durchf\u00fchren. Bei sch\u00f6nem Wetter k\u00f6nnen die Kinder mit unserer Wasserbahn spielen und an der Pumpe matschen.<\/p>\n<p align=\"left\">Zeit: ca. 2,5 Stunden<\/p>\n<p align=\"left\">Kosten: Pro Veranstaltung sind 130 EUR zu entrichten.<\/p>\n<p align=\"left\"><strong><img loading=\"lazy\" decoding=\"async\" class=\"thumbnail alignleft\" src=\"https:\/\/doelitzer-wassermuehle.de\/wp-content\/uploads\/2020\/10\/DSCN2023-scaled.jpg\" alt=\"\" width=\"267\" height=\"201\" \/>Thema \u201cLehm\u201c (nur im Sommer geeignet)<\/strong><\/p>\n<p align=\"left\">Die Kinder lernen das wunderbare Material Lehm kennen. Ein kleiner theoretischer Teil ist der Einstieg f\u00fcr die \u201eMatschestunde\u201c. Die Kinder kneten mit H\u00e4nden und F\u00fcssen im Lehm, schaffen ihren eignen Lehmklumpen und formen daraus mit Anleitung phantasievolle Figuren und Dinge.<\/p>\n<p align=\"left\">Zeit: ca. 2,0 Stunden<\/p>\n<p align=\"left\">Kosten: Pro Veranstaltung sind 130 EUR zu entrichten.<\/p>\n<p>Wir haben auch sch\u00f6ne <strong>Kreativangebote<\/strong> f\u00fcr Ihre Kinder. Je nach Jahreszeit basteln wir mit Ihnen z.B. Boote, Figuren oder Mobile aus Naturmaterial, formen mit Lehm kleine Kunstwerke, basteln Windr\u00e4der oder M\u00fchlenkobolde aus Kiefernzapfen, lassen verschiedene Tischdekorationen entstehen, gestalten weihnachtliche Gestecke oder andere h\u00fcbsche Dinge. Zu Ostern und im Advent entstehen auf Wunsch auch sch\u00f6ne Geschenke f\u00fcr die Eltern.<\/p>\n<p>Zeit: ca. 2,0 Stunden<\/p>\n<p>Kosten: Pro Veranstaltung sind 130 EUR zu entrichten.<\/p>\n<p>Kontakt unter:<\/p>\n<p>Tel.: 0341 33 89 352<\/p>\n<p>e-Mail: gaz-leipzig@t-online.de<\/p>\n<div>\n<table style=\"height: 97px;\" width=\"632\" cellspacing=\"0\" cellpadding=\"0\" align=\"left\">\n<tbody>\n<tr>\n<td align=\"left\" valign=\"top\"><\/td>\n<\/tr>\n<\/tbody>\n<\/table>\n<\/div>\n<div>\n<table cellspacing=\"0\" cellpadding=\"0\" align=\"left\">\n<tbody>\n<tr>\n<td align=\"left\" valign=\"top\"><\/td>\n<\/tr>\n<\/tbody>\n<\/table>\n<\/div>\n<p style=\"text-align: justify;\"><strong>\u00a0<\/strong><\/p>\n<p align=\"left\"><strong>\u00a0<\/strong><\/p>\n<div>\n<table cellspacing=\"0\" cellpadding=\"0\" align=\"left\">\n<tbody>\n<tr>\n<td align=\"left\" valign=\"top\"><\/td>\n<\/tr>\n<\/tbody>\n<\/table>\n<\/div>\n","protected":false},"excerpt":{"rendered":"<p>Liebe ErzieherInnen und P\u00e4dagogInnen, Mit der Umweltp\u00e4dagogik auf dem Hof der D\u00f6litzer Wasserm\u00fchle m\u00f6chten wir besonders Kindern und Jugendlichen Klima und Umwelt n\u00e4herbringen. Unsere Kurse werden dabei von Honorarkr\u00e4ften geleitet. Mit den Einnahmen werden die Honorarkr\u00e4fte und die Materialien f\u00fcr &hellip; <a href=\"https:\/\/doelitzer-wassermuehle.de\/?page_id=235\">Weiterlesen <span class=\"meta-nav\">&rarr;<\/span><\/a><\/p>\n","protected":false},"author":1,"featured_media":1629,"parent":109,"menu_order":22,"comment_status":"closed","ping_status":"closed","template":"","meta":{"ngg_post_thumbnail":0,"footnotes":""},"class_list":["post-235","page","type-page","status-publish","has-post-thumbnail","hentry"],"aioseo_notices":[],"_links":{"self":[{"href":"https:\/\/doelitzer-wassermuehle.de\/index.php?rest_route=\/wp\/v2\/pages\/235","targetHints":{"allow":["GET"]}}],"collection":[{"href":"https:\/\/doelitzer-wassermuehle.de\/index.php?rest_route=\/wp\/v2\/pages"}],"about":[{"href":"https:\/\/doelitzer-wassermuehle.de\/index.php?rest_route=\/wp\/v2\/types\/page"}],"author":[{"embeddable":true,"href":"https:\/\/doelitzer-wassermuehle.de\/index.php?rest_route=\/wp\/v2\/users\/1"}],"replies":[{"embeddable":true,"href":"https:\/\/doelitzer-wassermuehle.de\/index.php?rest_route=%2Fwp%2Fv2%2Fcomments&post=235"}],"version-history":[{"count":200,"href":"https:\/\/doelitzer-wassermuehle.de\/index.php?rest_route=\/wp\/v2\/pages\/235\/revisions"}],"predecessor-version":[{"id":5317,"href":"https:\/\/doelitzer-wassermuehle.de\/index.php?rest_route=\/wp\/v2\/pages\/235\/revisions\/5317"}],"up":[{"embeddable":true,"href":"https:\/\/doelitzer-wassermuehle.de\/index.php?rest_route=\/wp\/v2\/pages\/109"}],"wp:featuredmedia":[{"embeddable":true,"href":"https:\/\/doelitzer-wassermuehle.de\/index.php?rest_route=\/wp\/v2\/media\/1629"}],"wp:attachment":[{"href":"https:\/\/doelitzer-wassermuehle.de\/index.php?rest_route=%2Fwp%2Fv2%2Fmedia&parent=235"}],"curies":[{"name":"wp","href":"https:\/\/api.w.org\/{rel}","templated":true}]}}