{"id":238,"date":"2011-09-10T12:51:40","date_gmt":"2011-09-10T10:51:40","guid":{"rendered":"http:\/\/doelitzer-wassermuehle.de\/?page_id=238"},"modified":"2025-11-05T11:59:31","modified_gmt":"2025-11-05T10:59:31","slug":"schulen","status":"publish","type":"page","link":"https:\/\/doelitzer-wassermuehle.de\/?page_id=238","title":{"rendered":"Schulen"},"content":{"rendered":"\n<p><\/p>\n\n\n\n<p>Liebe LehrerInnen und ErzieherInnen, <\/p>\n\n\n\n<p><br>Mit der Umweltp\u00e4dagogik auf dem Hof der D\u00f6litzer Wasserm\u00fchle m\u00f6chten wir besonders Kindern und Jugendlichen Klima und Umwelt n\u00e4herbringen. Unsere Kurse werden dabei von Honorarkr\u00e4ften geleitet. Mit den Einnahmen werden die Honorarkr\u00e4fte und die Materialien f\u00fcr die Kurse bezahlt.<\/p>\n\n\n\n<p><\/p>\n\n\n\n<h2 class=\"wp-block-heading\">Unser Weihnachtsprogramm<\/h2>\n\n\n\n<p>Auch dieses Jahr bietet die Gruppe der Umweltbildung ein weihnachtlich &#8211; angepasstes Programm zum Thema Getreide an. Die Kinder erfahren nicht nur wie es vom Korn zum Mehl kommt, es wird auch spannendes zu Gew\u00fcrzen berichtet und Weihnachts-Kekse gebacken. Ein gem\u00fctlicher Start in die Feiertage!<\/p>\n\n\n\n<p><\/p>\n\n\n\n<p><\/p>\n\n\n\n<p>Folgende Programme bieten wir Ihnen f\u00fcr einen Projekttag mit Ihrer Klasse oder Hortgruppe an. <\/p>\n\n\n\n<p>Bei Interesse bitte an gaz-leipzig@t-online.de schreiben.<\/p>\n\n\n\n<p><\/p>\n\n\n\n<p><\/p>\n\n\n<p><strong>Thema \u201eVom Korn zum Brot\u201c <br \/><\/strong><\/p>\n<p><!-- \/wp:post-content --><\/p>\n<p><!-- wp:image {\"width\":239,\"height\":180} --><\/p>\n<figure class=\"wp-block-image is-resized\"><img loading=\"lazy\" decoding=\"async\" src=\"https:\/\/doelitzer-wassermuehle.de\/wp-content\/uploads\/2022\/02\/IMG_7260-180x135.jpg\" alt=\"Dieses Bild hat ein leeres Alt-Attribut. Der Dateiname ist IMG_7260-180x135.jpg\" width=\"239\" height=\"180\" \/><figcaption class=\"wp-element-caption\">Der Weg vom Getreidekorn bis zum Brot wird bei diesem Projekt praktisch durchlaufen. Neben Kennenlernen von verschiedenen Getreidesorten, k\u00f6nnen die Kinder selbst Mehl mahlen und ihre eigenen Br\u00f6tchen backen.\u00a0<\/p>\n<p>Das Programm ist f\u00fcr Grundschulklassen ausgelegt.<br \/>Zeitraum: 2-3 Stunden<\/p>\n<p>Kosten: Pro Veranstaltung sind 130 EUR zu zahlen. Erm\u00e4\u00dfigung nach Absprache.<\/p>\n<\/p>\n<\/figcaption><\/figure>\n<p><!-- \/wp:image --><\/p>\n<p><!-- wp:paragraph --><\/p>\n<p><!-- \/wp:paragraph --><\/p>\n<p><!-- wp:paragraph --><\/p>\n<p><strong>Thema: \u201eHaustiere \u2013 Schafe, H\u00fchner und Bienen\u201c- Tiere im Fr\u00fchling und Winter<br \/><\/strong><\/p>\n<p><strong><img loading=\"lazy\" decoding=\"async\" class=\"attachment-60x60 \" src=\"https:\/\/doelitzer-wassermuehle.de\/wp-content\/uploads\/2020\/09\/Hahn-180x135.jpg\" alt=\"\" width=\"247\" height=\"185\" \/><\/strong><\/p>\n<p><!-- \/wp:paragraph --><\/p>\n<p><!-- wp:image {\"id\":4388,\"width\":243,\"height\":149,\"sizeSlug\":\"full\",\"linkDestination\":\"none\"} --><\/p>\n<figure class=\"wp-block-image size-full is-resized\">Die Kinder k\u00f6nnen bei diesem Projekt die Schafe und H\u00fchner versorgen und lernen so, wie die Haustiere auf einem Bauernhof leben. Was machen die Bienen eigentlich in der kalten Jahreszeit? Unsere Tierexpertin vertieft das Thema Haustiere und bietet Wissenwertes und Anfassbares rund um die Tierwelt auf dem M\u00fchlenhof.<\/figure>\n<figure class=\"wp-block-image size-full is-resized\">Das Programm eignet sich in der Osterzeit, wo die gemeinsam gef\u00e4rbten Ostereier f\u00fcr die Kinder versteckt werden.<\/p>\n<figcaption class=\"wp-element-caption\">Zeitraum: ca. 2-3 Stunden<\/p>\n<p>Kosten: Pro Veranstaltung sind 130 EUR zu zahlen. Erm\u00e4\u00dfigung nach Absprache.<\/p>\n<\/p>\n<p><strong>Thema: \u201eVom Schaf zur Wolle\u201c<\/strong><\/p>\n<p>Bei diesem Projekt k\u00f6nnen die Kinder zun\u00e4chst die Schafe versorgen. Im Anschluss daran wird geschorene Wolle der Schafe zun\u00e4chst mit der Kardiermaschiene gek\u00e4mmt, versponnen und dann in eine Wollbastelei verarbeitet.<br \/>Zeitraum: ca. 2- 3 Stunden.<\/p>\n<p>Kosten: Pro Veranstaltung sind 130 EUR zu zahlen. Erm\u00e4\u00dfigung nach Absprache.<\/p>\n<\/p>\n<p><strong>Thema: \u201eInsekten: Von Solit\u00e4r- und Honigbienen\u201c<br \/><\/strong>Wir gehen auf die Spur von Insekten, K\u00e4fern, Bienen und anderem Krabbelgetier, schauen uns mit Lupen die kleinen Wesen an, erfahren Wissenswertes \u00fcber sie und lernen sie wertsch\u00e4tzen. Wir m\u00f6chten vermitteln, warum Insekten unverzichtbare Tiere im Naturkreislauf sind. <br \/>Zeitraum: ca. 2,5 Stunden<\/p>\n<p>Kosten: Pro Veranstaltung sind 130 EUR zu zahlen. Erm\u00e4\u00dfigung nach Absprache.<\/p>\n<\/p>\n<p><strong>Thema: &#8222;Wasser erleben&#8220;<\/strong><\/p>\n<p><img loading=\"lazy\" decoding=\"async\" src=\"https:\/\/doelitzer-wassermuehle.de\/wp-content\/uploads\/2014\/02\/Wasserkraft-erkunden-600x400.gif\" alt=\"\" width=\"249\" height=\"166\" \/><\/p>\n<p>Trinkwassergewinnung, Abwasserreinigung, Regenwassernutzung, Wasserverunreinigungen &#8211; wie vielf\u00e4ltig das Thema Wasser ist, m\u00f6chten wir erlebbar machen. Ob in Projekttagen oder als au\u00dferschulisches Angebot bieten wir dies f\u00fcr verschiedene Altersgruppen an. Auf unserem Gel\u00e4nde wird historische Bausubstanz mit modernen Umwelttechniken kombiniert. So gibt es verschiedene wassertechnische Anlagen, die im Einsatz sind. Die idyllische Lage an der M\u00fchlplei\u00dfe bietet ideale M\u00f6glichkeiten das Thema Wasser in allen Facetten zu entdecken. Im Seminarraum werden naturwissenschaftliche Experimente durchgef\u00fchrt. z. B. werden verschiedene Wasserqualit\u00e4ten, wie Regenwasser, Flusswasser, Trinkwasser und Grundwasser untersucht. Kreativangebote komplettieren das Angebot.<\/p>\n<p>Zeitraum: 2-3 Stunden<\/p>\n<p>Kosten: Pro Veranstaltung sind 130 EUR zu zahlen. Erm\u00e4\u00dfigung nach Absprache.<\/p>\n<\/p>\n<p><strong>Thema: &#8222;Wald entdecken &#8211; B\u00e4ume checken&#8220; Wander- oder Projekttag<\/strong><\/p>\n<p><!-- \/wp:image --> <!-- wp:paragraph --><\/p>\n<figure class=\"wp-block-image is-resized alignleft\"><img decoding=\"async\" src=\"https:\/\/doelitzer-wassermuehle.de\/wp-content\/uploads\/2014\/02\/CIMG0032-180x135.jpg\" alt=\"CIMG0032\" \/><\/figure>\n<p><!-- \/wp:paragraph --> <!-- wp:paragraph --><\/p>\n<p>Unser\u00a0Vierseitenhof ist gut geeignet, um ihn als Ziel f\u00fcr Ihren Wandertag zu nutzen. Er ist gut erreichbar und\u00a0liegt idyllisch im Gr\u00fcnen.\u00a0Wir haben hier einen Lehmbackofen,\u00a0einen Grill und viel Platz zum Spielen. <br \/>Als Thema f\u00fcr einen Wandertag oder Projekttag empfehlen wir &#8222;Wald entdecken &#8211; B\u00e4ume checken&#8220;, eine abwechslungsreiche Waldrallye mit vielen Stationen zu B\u00e4umen im agra-Park. Vorher servieren wir\u00a0unseren &#8222;M\u00fcllertrunk&#8220;, gebraut aus\u00a0frischen Gartenkr\u00e4utern. Geeignet f\u00fcr Wandertage im Zeitraum\u00a0von April bis Oktober und f\u00fcr Sch\u00fcler bis ca. 13 Jahre.\u00a0<\/p>\n<p><!-- \/wp:paragraph --> <!-- wp:paragraph --><\/p>\n<p>Zeitraum: ca. 4 Stunden<\/p>\n<p>Kosten: Pro Veranstaltung sind 130 EUR zu zahlen. Erm\u00e4\u00dfigung nach Absprache.<\/p>\n<\/p>\n<p><strong>Thema: \u201eEnergie erleben\u201c<\/strong><br \/>Auf dem Gel\u00e4nde der D\u00f6litzer M\u00fchle k\u00f6nnen verschiedene Anlagen zur Energieerzeugung aus Wasser und Sonne besichtigt werden. Mit unserem Wasserrad gewinnen wir Energie aus Wasser, in dem das Wasserrad durch die Str\u00f6mung der M\u00fchlplei\u00dfe angetrieben und mittels eines Generators Strom erzeugt wird. Dieser wird ins \u00f6ffentliche Netz eingespeist. Unsere Photovoltaik-Anlage nutzt die Strahlen der Sonne, um sie mittels Solarzellen in elektrischen Strom umzuwandeln. Au\u00dferdem betreiben wir auf unserem Gel\u00e4nde eine Erdw\u00e4rmeheizung, diese beheizt mittels W\u00e4rmepumpen einen Teil unserer Geb\u00e4ude. Anhand altersgerechter und kreativer Experimente k\u00f6nnen die Kinder Energie selbst erzeugen und deren Wirkungsweise ausprobieren.<br \/>Zeitraum: ca. 2 -3 h<\/p>\n<p>Kosten: Pro Veranstaltung sind 130 EUR zu zahlen. Erm\u00e4\u00dfigung nach Absprache.<\/p>\n<\/p>\n<p><!-- wp:paragraph --><\/p>\n<p><!-- \/wp:paragraph --><\/p>\n<\/figcaption>\n<\/figure>\n<p><!-- wp:paragraph --><\/p>\n<p><!-- \/wp:paragraph --><\/p>\n<p><!-- wp:paragraph --><\/p>\n<p><!-- wp:paragraph --><\/p>\n<p><!-- \/wp:paragraph --><\/p>\n<p><!-- wp:paragraph --><\/p>\n<p><!-- \/wp:paragraph --><\/p>\n<p><!-- wp:paragraph --><\/p>\n<p><strong>Thema: \u201cLehm\u201c (nur im Fr\u00fchling\/ Sommer geeignet)<br \/><\/strong>Die Kinder lernen das wunderbare Natur-Material Lehm kennen. Ein theoretischer Teil ist der Einstieg f\u00fcr die \u201eMatschestunde\u201c. Die Kinder kneten mit H\u00e4nden und F\u00fcssen im Lehm, experimentieren mit dem Material und formen daraus phantasievolle Figuren und Dinge.<br \/>Zeitraum: ca. 2,0 Stunden<\/p>\n<p>Kosten: Pro Veranstaltung sind 130 EUR zu zahlen. Erm\u00e4\u00dfigung nach Absprache.<\/p>\n<\/p>\n<p><!-- \/wp:paragraph --><\/p>\n<p><!-- wp:paragraph --><\/p>\n<p><!-- \/wp:paragraph --><\/p>\n<p><!-- wp:paragraph --><\/p>\n<p><!-- wp:paragraph --><\/p>\n<figure class=\"wp-block-image size-full is-resized\">\n<figcaption class=\"wp-element-caption\">\n<p><strong>Thema: &#8222;Der \u00f6kologische Fu\u00dfabdruck&#8220;<\/strong><\/p>\n<\/figcaption>\n<\/figure>\n<p><!-- \/wp:paragraph --><\/p>\n<p><!-- wp:paragraph --><\/p>\n<p><!-- \/wp:paragraph --><\/p>\n<p><!-- wp:paragraph --><\/p>\n<p><!-- \/wp:paragraph --><\/p>\n<p><!-- wp:image {\"align\":\"left\",\"width\":249,\"height\":166} --><\/p>\n<p><!-- \/wp:image --><\/p>\n<p><!-- wp:paragraph --><\/p>\n<p><!-- \/wp:paragraph --><\/p>\n<p><!-- wp:paragraph --><\/p>\n<p><!-- \/wp:paragraph --><\/p>\n<p><!-- wp:paragraph --><\/p>\n<p><!-- \/wp:paragraph --><\/p>\n<p><!-- wp:paragraph --><\/p>\n<p><!-- \/wp:paragraph --><\/p>\n<p><!-- wp:paragraph --><\/p>\n<p>Diese Bildungsveranstaltung zielt darauf ab, ein Bewusstsein f\u00fcr den Ressourcen- bzw. Fl\u00e4chenverbrauch unserer Lebensweise zu schaffen. Dar\u00fcber hinaus geht es darum, wie ein zukunftsf\u00e4higer Lebensstil aussehen k\u00f6nnte und welche Schritte zur Umsetzung notwendig sind. Der Stoff wird auf vielf\u00e4ltige, multimediale und spielerische Art vermittelt. Geeignet ab 9. Klasse (Zeit ab 90 Min bis zu einem Projekttag)<br \/>Kosten je nach Zeitdauer und Absprachen<br \/>Kontakt \u00fcber Frau Urte Grauwinkel Tel.: 0341 3081269<\/p>\n<\/p>\n<p><strong>Thema: &#8222;Abfall ist nicht gleich M\u00fcll&#8220;<\/strong><\/p>\n<p><!-- \/wp:paragraph --><\/p>\n<p><!-- wp:image {\"align\":\"left\",\"width\":261,\"height\":174} --><\/p>\n<figure class=\"wp-block-image alignleft is-resized\"><img loading=\"lazy\" decoding=\"async\" src=\"https:\/\/doelitzer-wassermuehle.de\/wp-content\/uploads\/2019\/04\/Portemonaie-mit-Tetra-Pak_klein.jpg\" alt=\"\" width=\"261\" height=\"174\" \/><\/figure>\n<p><!-- \/wp:image --><\/p>\n<p><!-- wp:paragraph --><\/p>\n<p>Ihr erfahrt, was der Unterschied zwischen Abfall und M\u00fcll ist, warum es wichtig ist Abfall zu trennen, wie man diesen richtig trennt und wie man M\u00fcllberge vermeiden kann. Gemeinsam mit uns lernst du auch, wie man aus Abfall coole neue Dinge herstellt. Wir zeigen dir zum Beispiel, wie du aus einem Tetra Pak einen tollen Geldbeutel zauberst. Das Thema h\u00e4ngst eng mit dem\u00f6kologischen Fu\u00dfabdruck zusammen. Deswegen finden wir heraus, wie gro\u00df Euer ganz pers\u00f6nliche Fu\u00dfabdruck ist. Wir machen einen kleinen Test. Eurer Verbraucherverhalten hat einen gro\u00dfen Einfluss darauf, welche &#8222;Schuhgr\u00f6\u00dfe&#8220; ihr habt. Abfallvermeidung ist dabei ein zentrales Thema. <br \/>Geeignet ab Klasse 8<\/p>\n<p>Zeitraum: ca. 2,5-3 Std.<\/p>\n<p>Kosten: Pro Veranstaltung sind 130 EUR zu zahlen. Erm\u00e4\u00dfigung nach Absprache.<\/p>\n<p><!-- \/wp:paragraph --><\/p>\n<p><!-- \/wp:paragraph --><\/p>\n<p><!-- \/wp:paragraph --><\/p>","protected":false},"excerpt":{"rendered":"<p>Liebe LehrerInnen und ErzieherInnen, Mit der Umweltp\u00e4dagogik auf dem Hof der D\u00f6litzer Wasserm\u00fchle m\u00f6chten wir besonders Kindern und Jugendlichen Klima und Umwelt n\u00e4herbringen. Unsere Kurse werden dabei von Honorarkr\u00e4ften geleitet. Mit den Einnahmen werden die Honorarkr\u00e4fte und die Materialien f\u00fcr &hellip; <a href=\"https:\/\/doelitzer-wassermuehle.de\/?page_id=238\">Weiterlesen <span class=\"meta-nav\">&rarr;<\/span><\/a><\/p>\n","protected":false},"author":1,"featured_media":1371,"parent":109,"menu_order":21,"comment_status":"closed","ping_status":"closed","template":"","meta":{"ngg_post_thumbnail":0,"footnotes":""},"class_list":["post-238","page","type-page","status-publish","has-post-thumbnail","hentry"],"aioseo_notices":[],"_links":{"self":[{"href":"https:\/\/doelitzer-wassermuehle.de\/index.php?rest_route=\/wp\/v2\/pages\/238","targetHints":{"allow":["GET"]}}],"collection":[{"href":"https:\/\/doelitzer-wassermuehle.de\/index.php?rest_route=\/wp\/v2\/pages"}],"about":[{"href":"https:\/\/doelitzer-wassermuehle.de\/index.php?rest_route=\/wp\/v2\/types\/page"}],"author":[{"embeddable":true,"href":"https:\/\/doelitzer-wassermuehle.de\/index.php?rest_route=\/wp\/v2\/users\/1"}],"replies":[{"embeddable":true,"href":"https:\/\/doelitzer-wassermuehle.de\/index.php?rest_route=%2Fwp%2Fv2%2Fcomments&post=238"}],"version-history":[{"count":245,"href":"https:\/\/doelitzer-wassermuehle.de\/index.php?rest_route=\/wp\/v2\/pages\/238\/revisions"}],"predecessor-version":[{"id":5373,"href":"https:\/\/doelitzer-wassermuehle.de\/index.php?rest_route=\/wp\/v2\/pages\/238\/revisions\/5373"}],"up":[{"embeddable":true,"href":"https:\/\/doelitzer-wassermuehle.de\/index.php?rest_route=\/wp\/v2\/pages\/109"}],"wp:featuredmedia":[{"embeddable":true,"href":"https:\/\/doelitzer-wassermuehle.de\/index.php?rest_route=\/wp\/v2\/media\/1371"}],"wp:attachment":[{"href":"https:\/\/doelitzer-wassermuehle.de\/index.php?rest_route=%2Fwp%2Fv2%2Fmedia&parent=238"}],"curies":[{"name":"wp","href":"https:\/\/api.w.org\/{rel}","templated":true}]}}