{"id":242,"date":"2011-09-10T12:54:42","date_gmt":"2011-09-10T10:54:42","guid":{"rendered":"http:\/\/doelitzer-wassermuehle.de\/?page_id=242"},"modified":"2021-10-29T09:25:20","modified_gmt":"2021-10-29T07:25:20","slug":"spenden","status":"publish","type":"page","link":"https:\/\/doelitzer-wassermuehle.de\/?page_id=242","title":{"rendered":"Spende"},"content":{"rendered":"<p>Liebe M\u00fchlenfreunde,<\/p>\n<p style=\"text-align: justify;\">wenn Sie unser Projekt &#8222;Erhaltung der D\u00f6litzer Wasserm\u00fchle&#8220; unterst\u00fctzen m\u00f6chten, freuen wir uns sehr \u00fcber eine Spende. Jeder Betrag ist willkommen.<\/p>\n<p style=\"text-align: justify;\">Besonders w\u00fcrden wir uns freuen, wenn wir Sie als <strong>Fensterpaten<\/strong> gewinnen k\u00f6nnten. Derzeit sind wir dabei 34 neue Kreuzstock-Kastenfenster f\u00fcr das Obergeschoss zu finanzieren. Gefertigt werden die Fenster in einer Leipziger Tischlerei. Vielleicht m\u00f6chten Sie sich an der Finanzierung der Kastenfenster beteiligen. Pro Fenster wird ein Betrag von 1.000,00 EUR ben\u00f6tigt. Darin sind die Herstellung und der Einbau enthalten. Der Gesamtfinanzierungsbedarf liegt somit bei 34.000 EUR. Fensterpaten, die ein ganzes Fenster gestiftet haben, werden sichtbar gew\u00fcrdigt.<\/p>\n<p style=\"text-align: justify;\">Gern stellen wir\u00a0f\u00fcr Sie eine Spendenbescheinigung aus.<\/p>\n<p style=\"text-align: justify;\">Unsere Kontoverbindung ist:<\/p>\n<p>Stadt- und Kreissparkasse Leipzig<br \/>\nIBAN:\u00a0\u00a0\u00a0\u00a0\u00a0DE52 8605 5592 1150 7048 41<br \/>\nBIC:\u00a0\u00a0\u00a0\u00a0\u00a0\u00a0 WELADE8LXXX<br \/>\nVerwendungszweck: Spende M\u00fchlenfenster<\/p>\n<p>Vielen Dank!<\/p>\n<p><a href=\"https:\/\/doelitzer-wassermuehle.de\/wp-content\/uploads\/2012\/06\/Fenster-f\u00fcr-webseite.jpg\"><img loading=\"lazy\" decoding=\"async\" class=\"alignleft size-thumbnail wp-image-898\" title=\"Fenster f\u00fcr webseite\" src=\"https:\/\/doelitzer-wassermuehle.de\/wp-content\/uploads\/2012\/06\/Fenster-f\u00fcr-webseite-180x135.jpg\" alt=\"\" width=\"180\" height=\"135\" \/><\/a><\/p>\n","protected":false},"excerpt":{"rendered":"<p>Liebe M\u00fchlenfreunde, wenn Sie unser Projekt &#8222;Erhaltung der D\u00f6litzer Wasserm\u00fchle&#8220; unterst\u00fctzen m\u00f6chten, freuen wir uns sehr \u00fcber eine Spende. Jeder Betrag ist willkommen. Besonders w\u00fcrden wir uns freuen, wenn wir Sie als Fensterpaten gewinnen k\u00f6nnten. Derzeit sind wir dabei 34 &hellip; <a href=\"https:\/\/doelitzer-wassermuehle.de\/?page_id=242\">Weiterlesen <span class=\"meta-nav\">&rarr;<\/span><\/a><\/p>\n","protected":false},"author":1,"featured_media":2941,"parent":113,"menu_order":25,"comment_status":"closed","ping_status":"closed","template":"","meta":{"ngg_post_thumbnail":0,"footnotes":""},"class_list":["post-242","page","type-page","status-publish","has-post-thumbnail","hentry"],"aioseo_notices":[],"_links":{"self":[{"href":"https:\/\/doelitzer-wassermuehle.de\/index.php?rest_route=\/wp\/v2\/pages\/242","targetHints":{"allow":["GET"]}}],"collection":[{"href":"https:\/\/doelitzer-wassermuehle.de\/index.php?rest_route=\/wp\/v2\/pages"}],"about":[{"href":"https:\/\/doelitzer-wassermuehle.de\/index.php?rest_route=\/wp\/v2\/types\/page"}],"author":[{"embeddable":true,"href":"https:\/\/doelitzer-wassermuehle.de\/index.php?rest_route=\/wp\/v2\/users\/1"}],"replies":[{"embeddable":true,"href":"https:\/\/doelitzer-wassermuehle.de\/index.php?rest_route=%2Fwp%2Fv2%2Fcomments&post=242"}],"version-history":[{"count":33,"href":"https:\/\/doelitzer-wassermuehle.de\/index.php?rest_route=\/wp\/v2\/pages\/242\/revisions"}],"predecessor-version":[{"id":3869,"href":"https:\/\/doelitzer-wassermuehle.de\/index.php?rest_route=\/wp\/v2\/pages\/242\/revisions\/3869"}],"up":[{"embeddable":true,"href":"https:\/\/doelitzer-wassermuehle.de\/index.php?rest_route=\/wp\/v2\/pages\/113"}],"wp:featuredmedia":[{"embeddable":true,"href":"https:\/\/doelitzer-wassermuehle.de\/index.php?rest_route=\/wp\/v2\/media\/2941"}],"wp:attachment":[{"href":"https:\/\/doelitzer-wassermuehle.de\/index.php?rest_route=%2Fwp%2Fv2%2Fmedia&parent=242"}],"curies":[{"name":"wp","href":"https:\/\/api.w.org\/{rel}","templated":true}]}}