{"id":259,"date":"2011-09-13T16:55:06","date_gmt":"2011-09-13T14:55:06","guid":{"rendered":"http:\/\/doelitzer-wassermuehle.de\/?page_id=259"},"modified":"2026-04-13T10:56:32","modified_gmt":"2026-04-13T08:56:32","slug":"veranstaltungen","status":"publish","type":"page","link":"https:\/\/doelitzer-wassermuehle.de\/?page_id=259","title":{"rendered":"Veranstaltungen"},"content":{"rendered":"<p><span style=\"font-size: revert; color: initial;\"><b>lebendiger M\u00fchlentag auf dem Hof der D\u00f6litzer Wasserm\u00fchle &#8211; Pfingstmontag 2026<\/b><\/span><\/p>\n<p>Die Zeit ist rasend schnell vergangen und schon ist es Mai und Pfingsten steht vor der T\u00fcr!<\/p>\n<p>Die D\u00f6litzer Wasserm\u00fchle l\u00e4sst sich aber nicht aus der Ruhe bringen und veranstaltet selbstverst\u00e4ndlich auch dieses Jahr am <strong>25. Mai 2026<\/strong> <strong>von 11:00 Uhr bis 18:00 Uhr<\/strong> einen wunderbaren Markt anl\u00e4sslich des M\u00fchlentags.<\/p>\n<p>Mit dabei sind wieder viele Kunsthandwerker und Kunsthandwerkerinnen mit einem vielseitigem Angebot. Freuen Sie sich auch auf Eichsfelder Bratwurst, M\u00fchlenbowle, Kuchen, Theater, st\u00fcndliche F\u00fchrungen, M\u00fchlenquiz und vieles vieles mehr!<\/p>\n<p>Wir laden Sie ein, die D\u00f6litzer Wasserm\u00fchle mit uns zu entdecken oder genie\u00dfen Sie einfach die Fr\u00fchlingssonne bei uns.<\/p>\n<p>Wir freuen uns schon auf Sie!<\/p>\n<p>\u00a0<\/p>\n<p>Sollten Sie als markttreibende Person an unserem Fr\u00fchlings-Event teilnehmen wollen, schreiben Sie uns gerne.<\/p>\n<p><span style=\"font-size: revert; color: initial;\">Weitere Informationen zur M\u00fchle sind unter <\/span><a style=\"font-size: revert;\" href=\"https:\/\/www.doelitzer-wassermuehle.de\">www.doelitzer-wassermuehle.de<\/a><span style=\"font-size: revert; color: initial;\">.<\/span><\/p>\n<p>Ansprechpartnerin f\u00fcr den M\u00fchlentag 2026 ist Edda Gottschalk, Mail: gaz-leipzig@t-online.de<\/p>\n<p><img loading=\"lazy\" decoding=\"async\" class=\"alignnone size-medium wp-image-5378\" src=\"https:\/\/doelitzer-wassermuehle.de\/wp-content\/uploads\/2025\/12\/IMG_4093-002-300x225.jpg\" alt=\"\" width=\"300\" height=\"225\" srcset=\"https:\/\/doelitzer-wassermuehle.de\/wp-content\/uploads\/2025\/12\/IMG_4093-002-300x225.jpg 300w, https:\/\/doelitzer-wassermuehle.de\/wp-content\/uploads\/2025\/12\/IMG_4093-002-600x450.jpg 600w, https:\/\/doelitzer-wassermuehle.de\/wp-content\/uploads\/2025\/12\/IMG_4093-002-180x135.jpg 180w, https:\/\/doelitzer-wassermuehle.de\/wp-content\/uploads\/2025\/12\/IMG_4093-002-768x576.jpg 768w, https:\/\/doelitzer-wassermuehle.de\/wp-content\/uploads\/2025\/12\/IMG_4093-002-1536x1152.jpg 1536w, https:\/\/doelitzer-wassermuehle.de\/wp-content\/uploads\/2025\/12\/IMG_4093-002-2048x1536.jpg 2048w\" sizes=\"auto, (max-width: 300px) 100vw, 300px\" \/>________________________________________________________________________________________________________________<\/p>\n<p><strong>Auf Anfrage<br \/>F\u00fchrungen auf dem historischen Gel\u00e4nde der Wasserm\u00fchle und durch das alte Dorf D\u00f6litz 1813<br \/><\/strong>Wir laden Sie zu F\u00fchrungen auf dem historischen Gel\u00e4nde der Wasserm\u00fchle, durch das denkmalgesch\u00fctzte M\u00fchlengeb\u00e4ude und das Dorf D\u00f6litz ein. Wo steht das \u00e4lteste Geb\u00e4ude im Dorf? Welche Kunst und Kultur gab es Anfang des 19.Jahrhunderts? Und warum wurde in der M\u00fchle eine Flasche mit polnischer Aufschrift gefunden? Diese Fragen, Geschichte und Anekdoten rund um D\u00f6litz und die M\u00fchle erfahren Sie bei unseren ca. 1,5 h F\u00fchrungen durch D\u00f6litz oder 1 h F\u00fchrungen durch die M\u00fchle.<\/p>\n<p>Wenn Sie eine historische F\u00fchrung w\u00fcnschen, wenden Sie sich bitte an den D\u00f6litzer B\u00fcrgerverein unter www.bv-doelitz-online.de oder direkt an Frau Grauwinkel unter Tel. 01577-1196875.<\/p>\n<p><strong>\u00a0<\/strong><\/p>\n\n\n<h2 class=\"wp-block-heading\">Sommerkino<\/h2>\n\n\n\n<p>Freunde des Outdoor-Lichtspiel-Theaters, es ist zur\u00fcck! Das Sommerkino auf dem Hof der D\u00f6litzer Wasserm\u00fchle.<\/p>\n\n\n\n<p>Gezeigt wird eine sorgf\u00e4ltige Auswahl der Cin\u00e9math\u00e8que Leipzig. Die Termine und alle Einzelheiten zum Programm folgen noch.<\/p>\n\n\n\n<p>Der Verein verk\u00f6stigt alle Besucher mit den Sommerkino-Klassikern: Fettbemme, Bier und N\u00fcsse.<\/p>\n\n\n\n<p>Wir freuen uns auf alle Besucher, wir sehen uns im Sommer!<\/p>\n\n\n\n<p><\/p>\n","protected":false},"excerpt":{"rendered":"<p>lebendiger M\u00fchlentag auf dem Hof der D\u00f6litzer Wasserm\u00fchle &#8211; Pfingstmontag 2026 Die Zeit ist rasend schnell vergangen und schon ist es Mai und Pfingsten steht vor der T\u00fcr! Die D\u00f6litzer Wasserm\u00fchle l\u00e4sst sich aber nicht aus der Ruhe bringen und &hellip; <a href=\"https:\/\/doelitzer-wassermuehle.de\/?page_id=259\">Weiterlesen <span class=\"meta-nav\">&rarr;<\/span><\/a><\/p>\n","protected":false},"author":1,"featured_media":2929,"parent":0,"menu_order":3,"comment_status":"closed","ping_status":"closed","template":"","meta":{"ngg_post_thumbnail":0,"footnotes":""},"class_list":["post-259","page","type-page","status-publish","has-post-thumbnail","hentry"],"aioseo_notices":[],"_links":{"self":[{"href":"https:\/\/doelitzer-wassermuehle.de\/index.php?rest_route=\/wp\/v2\/pages\/259","targetHints":{"allow":["GET"]}}],"collection":[{"href":"https:\/\/doelitzer-wassermuehle.de\/index.php?rest_route=\/wp\/v2\/pages"}],"about":[{"href":"https:\/\/doelitzer-wassermuehle.de\/index.php?rest_route=\/wp\/v2\/types\/page"}],"author":[{"embeddable":true,"href":"https:\/\/doelitzer-wassermuehle.de\/index.php?rest_route=\/wp\/v2\/users\/1"}],"replies":[{"embeddable":true,"href":"https:\/\/doelitzer-wassermuehle.de\/index.php?rest_route=%2Fwp%2Fv2%2Fcomments&post=259"}],"version-history":[{"count":992,"href":"https:\/\/doelitzer-wassermuehle.de\/index.php?rest_route=\/wp\/v2\/pages\/259\/revisions"}],"predecessor-version":[{"id":5479,"href":"https:\/\/doelitzer-wassermuehle.de\/index.php?rest_route=\/wp\/v2\/pages\/259\/revisions\/5479"}],"wp:featuredmedia":[{"embeddable":true,"href":"https:\/\/doelitzer-wassermuehle.de\/index.php?rest_route=\/wp\/v2\/media\/2929"}],"wp:attachment":[{"href":"https:\/\/doelitzer-wassermuehle.de\/index.php?rest_route=%2Fwp%2Fv2%2Fmedia&parent=259"}],"curies":[{"name":"wp","href":"https:\/\/api.w.org\/{rel}","templated":true}]}}