{"id":308,"date":"2011-09-13T21:11:28","date_gmt":"2011-09-13T19:11:28","guid":{"rendered":"http:\/\/doelitzer-wassermuehle.de\/?page_id=308"},"modified":"2021-02-22T10:18:52","modified_gmt":"2021-02-22T09:18:52","slug":"audio-video","status":"publish","type":"page","link":"https:\/\/doelitzer-wassermuehle.de\/?page_id=308","title":{"rendered":"Videos"},"content":{"rendered":"<p>Die Videos \u00fcber unsere Hoffeste zum Dt. M\u00fchlentag 2012 und zum Adventsmarkt 2011 stammen von Frau Mirow (www.handmade-video.de). Wir m\u00f6chten uns an dieser Stelle bei ihr ganz herzlich bedanken, dass sie die Eindr\u00fccke unserer Hoffeste mit sehr viel Gef\u00fchl und Liebe zum Detail in Szene gesetzt hat.<\/p>\n<p>Hoffest zum 19. Deutschen M\u00fchlentag am 28. Mai 2012<\/p>\n\n\n<figure class=\"wp-block-embed is-type-video is-provider-youtube wp-block-embed-youtube wp-embed-aspect-16-9 wp-has-aspect-ratio\"><div class=\"wp-block-embed__wrapper\">\n<iframe loading=\"lazy\" title=\"Hoffest in der D\u00f6litzer Wasserm\u00fchle anl\u00e4sslich des 19. Deutschen M\u00fchlentages\" width=\"640\" height=\"360\" src=\"https:\/\/www.youtube.com\/embed\/HOVmJjOobDM?feature=oembed\" frameborder=\"0\" allow=\"accelerometer; autoplay; clipboard-write; encrypted-media; gyroscope; picture-in-picture; web-share\" referrerpolicy=\"strict-origin-when-cross-origin\" allowfullscreen><\/iframe>\n<\/div><\/figure>\n\n\n\n<p>4. D\u00f6litzer Adventsmarkt am 01.12.2011<\/p>\n\n\n\n<figure class=\"wp-block-embed is-type-video is-provider-youtube wp-block-embed-youtube wp-embed-aspect-16-9 wp-has-aspect-ratio\"><div class=\"wp-block-embed__wrapper\">\n<iframe loading=\"lazy\" title=\"Adventsmarkt in der &#039;&#039;D\u00f6litzer Wasserm\u00fchle&quot;\" width=\"640\" height=\"360\" src=\"https:\/\/www.youtube.com\/embed\/XpItLyxVpvc?feature=oembed\" frameborder=\"0\" allow=\"accelerometer; autoplay; clipboard-write; encrypted-media; gyroscope; picture-in-picture; web-share\" referrerpolicy=\"strict-origin-when-cross-origin\" allowfullscreen><\/iframe>\n<\/div><\/figure>\n","protected":false},"excerpt":{"rendered":"<p>Die Videos \u00fcber unsere Hoffeste zum Dt. M\u00fchlentag 2012 und zum Adventsmarkt 2011 stammen von Frau Mirow (www.handmade-video.de). Wir m\u00f6chten uns an dieser Stelle bei ihr ganz herzlich bedanken, dass sie die Eindr\u00fccke unserer Hoffeste mit sehr viel Gef\u00fchl und &hellip; <a href=\"https:\/\/doelitzer-wassermuehle.de\/?page_id=308\">Weiterlesen <span class=\"meta-nav\">&rarr;<\/span><\/a><\/p>\n","protected":false},"author":1,"featured_media":2929,"parent":259,"menu_order":29,"comment_status":"closed","ping_status":"closed","template":"","meta":{"ngg_post_thumbnail":0,"footnotes":""},"class_list":["post-308","page","type-page","status-publish","has-post-thumbnail","hentry"],"aioseo_notices":[],"_links":{"self":[{"href":"https:\/\/doelitzer-wassermuehle.de\/index.php?rest_route=\/wp\/v2\/pages\/308","targetHints":{"allow":["GET"]}}],"collection":[{"href":"https:\/\/doelitzer-wassermuehle.de\/index.php?rest_route=\/wp\/v2\/pages"}],"about":[{"href":"https:\/\/doelitzer-wassermuehle.de\/index.php?rest_route=\/wp\/v2\/types\/page"}],"author":[{"embeddable":true,"href":"https:\/\/doelitzer-wassermuehle.de\/index.php?rest_route=\/wp\/v2\/users\/1"}],"replies":[{"embeddable":true,"href":"https:\/\/doelitzer-wassermuehle.de\/index.php?rest_route=%2Fwp%2Fv2%2Fcomments&post=308"}],"version-history":[{"count":54,"href":"https:\/\/doelitzer-wassermuehle.de\/index.php?rest_route=\/wp\/v2\/pages\/308\/revisions"}],"predecessor-version":[{"id":4620,"href":"https:\/\/doelitzer-wassermuehle.de\/index.php?rest_route=\/wp\/v2\/pages\/308\/revisions\/4620"}],"up":[{"embeddable":true,"href":"https:\/\/doelitzer-wassermuehle.de\/index.php?rest_route=\/wp\/v2\/pages\/259"}],"wp:featuredmedia":[{"embeddable":true,"href":"https:\/\/doelitzer-wassermuehle.de\/index.php?rest_route=\/wp\/v2\/media\/2929"}],"wp:attachment":[{"href":"https:\/\/doelitzer-wassermuehle.de\/index.php?rest_route=%2Fwp%2Fv2%2Fmedia&parent=308"}],"curies":[{"name":"wp","href":"https:\/\/api.w.org\/{rel}","templated":true}]}}