{"id":334,"date":"2011-09-14T15:58:09","date_gmt":"2011-09-14T13:58:09","guid":{"rendered":"http:\/\/doelitzer-wassermuehle.de\/?page_id=334"},"modified":"2020-09-29T13:59:59","modified_gmt":"2020-09-29T11:59:59","slug":"anfahrt","status":"publish","type":"page","link":"https:\/\/doelitzer-wassermuehle.de\/?page_id=334","title":{"rendered":"Anfahrt"},"content":{"rendered":"<p><!-- p { margin-bottom: 0.21cm; } --><strong><span style=\"font-family: Arial,sans-serif;\">Mit dem Auto<\/span><\/strong><span style=\"font-family: Arial,sans-serif;\"><br \/>\nVon der Bundesstra\u00dfe B2 kommend, nehmen Sie die Abfahrt Goethesteig \/ Markkleeberg und fahren in Richtung D\u00f6litz. Nach ca. 600 m biegen Sie nach der kleinen Br\u00fccke rechts in die Vollhardtstra\u00dfe ein. Der Vierseitenhof mit den wei\u00dfen Fachwerkgeb\u00e4uden rechterhand ist nicht zu \u00fcbersehen.<\/span><\/p>\n<p><strong><span style=\"font-family: Arial,sans-serif;\">Mit der Stra\u00dfenbahn<br \/>\n<\/span><\/strong><span style=\"font-family: Arial,sans-serif;\">Nehmen Sie die Stra\u00dfenbahn Nr.11 Richtung Markkleeberg Ost oder D\u00f6litz, steigen Sie bitte an der Haltestelle Friederikenstra\u00dfe aus und laufen rechts in die Helenenstra\u00dfe. \u00dcberqueren Sie den Goethesteig und halten Sie sich rechts. Sie kommen direkt in die Vollhardtstra\u00dfe. Unser Hof befindet sich auf der rechten Seite.<\/span><\/p>\n<p><a href=\"http:\/\/www.openstreetmap.org\/#map=18\/51.28916\/12.38907\">http:\/\/www.openstreetmap.org\/#map=18\/51.28916\/12.38907<\/a><\/p>\n<p><img loading=\"lazy\" decoding=\"async\" class=\"alignnone size-full wp-image-2084\" src=\"https:\/\/doelitzer-wassermuehle.de\/wp-content\/uploads\/2017\/01\/anfahrt.gif\" alt=\"\" width=\"527\" height=\"527\"><\/p>\n<p><img loading=\"lazy\" decoding=\"async\" class=\"alignnone size-full wp-image-2099\" src=\"https:\/\/doelitzer-wassermuehle.de\/wp-content\/uploads\/2017\/01\/cc-wiki.png\" alt=\"\" width=\"88\" height=\"31\"><\/p>\n","protected":false},"excerpt":{"rendered":"<p>Mit dem Auto Von der Bundesstra\u00dfe B2 kommend, nehmen Sie die Abfahrt Goethesteig \/ Markkleeberg und fahren in Richtung D\u00f6litz. Nach ca. 600 m biegen Sie nach der kleinen Br\u00fccke rechts in die Vollhardtstra\u00dfe ein. Der Vierseitenhof mit den wei\u00dfen &hellip; <a href=\"https:\/\/doelitzer-wassermuehle.de\/?page_id=334\">Weiterlesen <span class=\"meta-nav\">&rarr;<\/span><\/a><\/p>\n","protected":false},"author":1,"featured_media":2887,"parent":113,"menu_order":32,"comment_status":"closed","ping_status":"closed","template":"","meta":{"ngg_post_thumbnail":0,"footnotes":""},"class_list":["post-334","page","type-page","status-publish","has-post-thumbnail","hentry"],"aioseo_notices":[],"_links":{"self":[{"href":"https:\/\/doelitzer-wassermuehle.de\/index.php?rest_route=\/wp\/v2\/pages\/334","targetHints":{"allow":["GET"]}}],"collection":[{"href":"https:\/\/doelitzer-wassermuehle.de\/index.php?rest_route=\/wp\/v2\/pages"}],"about":[{"href":"https:\/\/doelitzer-wassermuehle.de\/index.php?rest_route=\/wp\/v2\/types\/page"}],"author":[{"embeddable":true,"href":"https:\/\/doelitzer-wassermuehle.de\/index.php?rest_route=\/wp\/v2\/users\/1"}],"replies":[{"embeddable":true,"href":"https:\/\/doelitzer-wassermuehle.de\/index.php?rest_route=%2Fwp%2Fv2%2Fcomments&post=334"}],"version-history":[{"count":27,"href":"https:\/\/doelitzer-wassermuehle.de\/index.php?rest_route=\/wp\/v2\/pages\/334\/revisions"}],"predecessor-version":[{"id":2100,"href":"https:\/\/doelitzer-wassermuehle.de\/index.php?rest_route=\/wp\/v2\/pages\/334\/revisions\/2100"}],"up":[{"embeddable":true,"href":"https:\/\/doelitzer-wassermuehle.de\/index.php?rest_route=\/wp\/v2\/pages\/113"}],"wp:featuredmedia":[{"embeddable":true,"href":"https:\/\/doelitzer-wassermuehle.de\/index.php?rest_route=\/wp\/v2\/media\/2887"}],"wp:attachment":[{"href":"https:\/\/doelitzer-wassermuehle.de\/index.php?rest_route=%2Fwp%2Fv2%2Fmedia&parent=334"}],"curies":[{"name":"wp","href":"https:\/\/api.w.org\/{rel}","templated":true}]}}