{"id":395,"date":"2011-09-19T08:54:04","date_gmt":"2011-09-19T06:54:04","guid":{"rendered":"http:\/\/doelitzer-wassermuehle.de\/?page_id=395"},"modified":"2020-11-24T08:41:06","modified_gmt":"2020-11-24T07:41:06","slug":"presse","status":"publish","type":"page","link":"https:\/\/doelitzer-wassermuehle.de\/?page_id=395","title":{"rendered":"Presseartikel"},"content":{"rendered":"<p>08.08.2016: <a href=\"https:\/\/doelitzer-wassermuehle.de\/wp-content\/uploads\/2016\/09\/Wirbel-um-Denkmallabriss_080816.jpg\" target=\"_blank\" rel=\"noopener noreferrer\">Wirbel um vermeintliche Denkmalabrisse (LVZ)<\/a><\/p>\n<p>17.05.2016: <a href=\"https:\/\/doelitzer-wassermuehle.de\/wp-content\/uploads\/2016\/10\/Im-Obergeschoss-gibt-es-wieder.jpg\" target=\"_blank\" rel=\"noopener noreferrer\">Im Obergeschoss gibt es bereits wieder den historischen Durchblick (LVZ)<\/a><\/p>\n<p>22.05.2015: <a href=\"https:\/\/doelitzer-wassermuehle.de\/wp-content\/uploads\/2016\/09\/Es-klappert-die-M\u00fchle_LVZ_220515.jpg\" target=\"_blank\" rel=\"noopener noreferrer\">Es klappert die M\u00fchle (LVZ)<\/a><\/p>\n<p>28.11.2014: <a href=\"https:\/\/doelitzer-wassermuehle.de\/wp-content\/uploads\/2015\/02\/LVZ-28.11.2014_01.jpg\" target=\"_blank\" rel=\"noopener noreferrer\">Handwerker Lars Rohrwacher bearbeitet kostenlos Fensterumrahmungen f\u00fcr M\u00fchle (LVZ)<\/a><\/p>\n<p>17.02.2014: <a href=\"https:\/\/doelitzer-wassermuehle.de\/wp-content\/uploads\/2015\/02\/Neue-Fenster-f\u00fcr-M\u00fchle_01.jpg\" target=\"_blank\" rel=\"noopener noreferrer\">Erste Fensterpaten sind da (LVZ)<\/a><\/p>\n<p>29.05.2012: <a href=\"https:\/\/doelitzer-wassermuehle.de\/wp-content\/uploads\/2015\/02\/Traffix-2012.jpg\" target=\"_blank\" rel=\"noopener noreferrer\">Wasserm\u00fchle erzeugt wieder Strom (aus Traffix LVB Magazin 02\/2012)<\/a><\/p>\n<p>19.09.2011: <a href=\"https:\/\/doelitzer-wassermuehle.de\/wp-content\/uploads\/presse\/20110919_fenster_LVZ.jpg\" target=\"_blank\" rel=\"noopener noreferrer\">Spendenaufruf in der LVZ &#8211; Fensterpatenschaft f\u00fcr die M\u00fchle<\/a><\/p>\n","protected":false},"excerpt":{"rendered":"<p>08.08.2016: Wirbel um vermeintliche Denkmalabrisse (LVZ) 17.05.2016: Im Obergeschoss gibt es bereits wieder den historischen Durchblick (LVZ) 22.05.2015: Es klappert die M\u00fchle (LVZ) 28.11.2014: Handwerker Lars Rohrwacher bearbeitet kostenlos Fensterumrahmungen f\u00fcr M\u00fchle (LVZ) 17.02.2014: Erste Fensterpaten sind da (LVZ) 29.05.2012: &hellip; <a href=\"https:\/\/doelitzer-wassermuehle.de\/?page_id=395\">Weiterlesen <span class=\"meta-nav\">&rarr;<\/span><\/a><\/p>\n","protected":false},"author":1,"featured_media":682,"parent":103,"menu_order":33,"comment_status":"closed","ping_status":"closed","template":"","meta":{"ngg_post_thumbnail":0,"footnotes":""},"class_list":["post-395","page","type-page","status-publish","has-post-thumbnail","hentry"],"aioseo_notices":[],"_links":{"self":[{"href":"https:\/\/doelitzer-wassermuehle.de\/index.php?rest_route=\/wp\/v2\/pages\/395","targetHints":{"allow":["GET"]}}],"collection":[{"href":"https:\/\/doelitzer-wassermuehle.de\/index.php?rest_route=\/wp\/v2\/pages"}],"about":[{"href":"https:\/\/doelitzer-wassermuehle.de\/index.php?rest_route=\/wp\/v2\/types\/page"}],"author":[{"embeddable":true,"href":"https:\/\/doelitzer-wassermuehle.de\/index.php?rest_route=\/wp\/v2\/users\/1"}],"replies":[{"embeddable":true,"href":"https:\/\/doelitzer-wassermuehle.de\/index.php?rest_route=%2Fwp%2Fv2%2Fcomments&post=395"}],"version-history":[{"count":41,"href":"https:\/\/doelitzer-wassermuehle.de\/index.php?rest_route=\/wp\/v2\/pages\/395\/revisions"}],"predecessor-version":[{"id":2750,"href":"https:\/\/doelitzer-wassermuehle.de\/index.php?rest_route=\/wp\/v2\/pages\/395\/revisions\/2750"}],"up":[{"embeddable":true,"href":"https:\/\/doelitzer-wassermuehle.de\/index.php?rest_route=\/wp\/v2\/pages\/103"}],"wp:featuredmedia":[{"embeddable":true,"href":"https:\/\/doelitzer-wassermuehle.de\/index.php?rest_route=\/wp\/v2\/media\/682"}],"wp:attachment":[{"href":"https:\/\/doelitzer-wassermuehle.de\/index.php?rest_route=%2Fwp%2Fv2%2Fmedia&parent=395"}],"curies":[{"name":"wp","href":"https:\/\/api.w.org\/{rel}","templated":true}]}}