{"id":427,"date":"2011-09-19T15:03:02","date_gmt":"2011-09-19T13:03:02","guid":{"rendered":"http:\/\/doelitzer-wassermuehle.de\/?page_id=427"},"modified":"2020-09-29T14:56:29","modified_gmt":"2020-09-29T12:56:29","slug":"muhlpleisehaus","status":"publish","type":"page","link":"https:\/\/doelitzer-wassermuehle.de\/?page_id=427","title":{"rendered":"M\u00fchlplei\u00dfehaus"},"content":{"rendered":"<p>Bei dem sogenannten &#8222;M\u00fchlplei\u00dfehaus&#8220; handelt es sich um ein transloziertes denkmalgesch\u00fctzes Fachwerk-Geb\u00e4ude, das urspr\u00fcnglich ebenfalls in&nbsp;D\u00f6litz An der&nbsp;M\u00fchlplei\u00dfe Nr.&nbsp;4 stand. &nbsp;Dieses Geb\u00e4ude soll denkmal- gerecht und mit einem baubiologischem Ansatz wieder errichtet werden und&nbsp;begrenzt den Hof in \u00f6stlicher Richtung.&nbsp;Das originale Fachwerk war leider nicht mehr&nbsp;zu verwenden. Deshalb wurden&nbsp;die Balken f\u00fcr einen Neuaufbau vermessen&nbsp;und katalogisiert. Derzeit befindet sich das Geb\u00e4ude noch im Rohbau.<\/p>\n","protected":false},"excerpt":{"rendered":"<p>Bei dem sogenannten &#8222;M\u00fchlplei\u00dfehaus&#8220; handelt es sich um ein transloziertes denkmalgesch\u00fctzes Fachwerk-Geb\u00e4ude, das urspr\u00fcnglich ebenfalls in&nbsp;D\u00f6litz An der&nbsp;M\u00fchlplei\u00dfe Nr.&nbsp;4 stand. &nbsp;Dieses Geb\u00e4ude soll denkmal- gerecht und mit einem baubiologischem Ansatz wieder errichtet werden und&nbsp;begrenzt den Hof in \u00f6stlicher Richtung.&nbsp;Das originale &hellip; <a href=\"https:\/\/doelitzer-wassermuehle.de\/?page_id=427\">Weiterlesen <span class=\"meta-nav\">&rarr;<\/span><\/a><\/p>\n","protected":false},"author":2,"featured_media":2940,"parent":103,"menu_order":32,"comment_status":"closed","ping_status":"closed","template":"","meta":{"ngg_post_thumbnail":0,"footnotes":""},"class_list":["post-427","page","type-page","status-publish","has-post-thumbnail","hentry"],"aioseo_notices":[],"_links":{"self":[{"href":"https:\/\/doelitzer-wassermuehle.de\/index.php?rest_route=\/wp\/v2\/pages\/427","targetHints":{"allow":["GET"]}}],"collection":[{"href":"https:\/\/doelitzer-wassermuehle.de\/index.php?rest_route=\/wp\/v2\/pages"}],"about":[{"href":"https:\/\/doelitzer-wassermuehle.de\/index.php?rest_route=\/wp\/v2\/types\/page"}],"author":[{"embeddable":true,"href":"https:\/\/doelitzer-wassermuehle.de\/index.php?rest_route=\/wp\/v2\/users\/2"}],"replies":[{"embeddable":true,"href":"https:\/\/doelitzer-wassermuehle.de\/index.php?rest_route=%2Fwp%2Fv2%2Fcomments&post=427"}],"version-history":[{"count":17,"href":"https:\/\/doelitzer-wassermuehle.de\/index.php?rest_route=\/wp\/v2\/pages\/427\/revisions"}],"predecessor-version":[{"id":2938,"href":"https:\/\/doelitzer-wassermuehle.de\/index.php?rest_route=\/wp\/v2\/pages\/427\/revisions\/2938"}],"up":[{"embeddable":true,"href":"https:\/\/doelitzer-wassermuehle.de\/index.php?rest_route=\/wp\/v2\/pages\/103"}],"wp:featuredmedia":[{"embeddable":true,"href":"https:\/\/doelitzer-wassermuehle.de\/index.php?rest_route=\/wp\/v2\/media\/2940"}],"wp:attachment":[{"href":"https:\/\/doelitzer-wassermuehle.de\/index.php?rest_route=%2Fwp%2Fv2%2Fmedia&parent=427"}],"curies":[{"name":"wp","href":"https:\/\/api.w.org\/{rel}","templated":true}]}}