{"id":665,"date":"2011-09-26T15:41:01","date_gmt":"2011-09-26T13:41:01","guid":{"rendered":"http:\/\/doelitzer-wassermuehle.de\/?page_id=665"},"modified":"2021-07-19T21:24:24","modified_gmt":"2021-07-19T19:24:24","slug":"gastebuch","status":"publish","type":"page","link":"https:\/\/doelitzer-wassermuehle.de\/?page_id=665","title":{"rendered":"G\u00e4stebuch"},"content":{"rendered":"<p style=\"text-align: justify;\">Hier sehen Sie eine kleine Auswahl unserer G\u00e4stebucheintr\u00e4ge (zum Vergr\u00f6\u00dfern bitte anklicken):<\/p>\n<p style=\"text-align: justify;\"><a href=\"https:\/\/doelitzer-wassermuehle.de\/wp-content\/uploads\/2011\/12\/Hort-Holzhausen.jpg\"><img loading=\"lazy\" decoding=\"async\" class=\"alignleft size-thumbnail wp-image-802\" title=\"Kinder des Hortes Holzhausen am 13.07.2011\" src=\"https:\/\/doelitzer-wassermuehle.de\/wp-content\/uploads\/2011\/12\/Hort-Holzhausen-180x135.jpg\" alt=\"\" width=\"180\" height=\"135\"><\/a>&#8222;Herzlichen Dank dem Team der D\u00f6litzer Wasserm\u00fchle! Die Kinder und Erzieher aus dem Hort Holzhausen verbrachten hier einen interessanten Tag bei M\u00fchlenspukgeschichten, auf Kobold- und Schatzsuche, Erkundungen am Wasserrad, F\u00fcttern der Schafe und den meisten Spa\u00df hatten wir beim Boote-Bauen.&#8220;<br \/>\n13.07.2011<\/p>\n<p>&nbsp;<\/p>\n<p style=\"text-align: justify;\">&nbsp;<\/p>\n<p style=\"text-align: justify;\"><a href=\"https:\/\/doelitzer-wassermuehle.de\/wp-content\/uploads\/2011\/12\/Kita-Eisenacher-Str..jpg\"><img loading=\"lazy\" decoding=\"async\" class=\"alignleft size-thumbnail wp-image-807\" title=\"Kinder der Kita Eisenacher Str., Gohlis am 09.06.2011\" src=\"https:\/\/doelitzer-wassermuehle.de\/wp-content\/uploads\/2011\/12\/Kita-Eisenacher-Str.-180x135.jpg\" alt=\"\" width=\"180\" height=\"135\"><\/a><\/p>\n<p style=\"text-align: justify;\">&#8222;Die Schulanf\u00e4nger der Kita Eisenacher Str. in Gohlis bedanken sich bei Katrin und Manuela f\u00fcr einen erlebnisreichen Tag im Gel\u00e4nde der D\u00f6litzer Wasserm\u00fchle. Eine liebevolle Betreuung wird uns allen lange in Erinnerung bleiben. Wir werden diesen tollen Tag nicht so schnell vergessen und vielen Leipziger Erzieherinnendavon erz\u00e4hlen.&#8220; 09.06.2011<\/p>\n<p style=\"text-align: justify;\">&nbsp;<\/p>\n<p style=\"text-align: justify;\">&nbsp;<\/p>\n<p style=\"text-align: justify;\"><a href=\"https:\/\/doelitzer-wassermuehle.de\/wp-content\/uploads\/2012\/08\/G\u00e4stebucheintrag-Musikus-1.jpg\"><img loading=\"lazy\" decoding=\"async\" class=\"alignleft size-thumbnail wp-image-997\" title=\"G\u00e4stebucheintrag Kita Musikus\" src=\"https:\/\/doelitzer-wassermuehle.de\/wp-content\/uploads\/2012\/08\/G\u00e4stebucheintrag-Musikus-1-180x135.jpg\" alt=\"\" width=\"180\" height=\"135\"><\/a>&#8222;Wie jedes Jahr besuchten wir mit unserer Vorschulgruppe die Wasserm\u00fchle. Die Kd. waren schon ganz gespannt was sie erwartet. Im Vorfeld haben wir schon viele Dinge \u00fcber &#8222;M\u00fchlen&#8220; und &#8222;Wasser&#8220; erfahren und die Kinder konnten ihr Wissen anwenden. Das gro\u00dfe Wasserrad war besonders interessant und das F\u00fcttern der Schafe &#8222;so sch\u00f6n&#8220;. Dann ging es ans Basteln der Boote. Jedes Kind war mit Eifer dabei um ein sch\u00f6nes Ergebnis zu erreichen. Jetzt sitzen alle in der Sonne und genie\u00dfen ihr Mittagessen aus dem Rucksack. Es war wieder ein sehr sch\u00f6ner Vormittag. Wir bedanken uns bei Katrin und Kerstin f\u00fcr die sch\u00f6nen Stunden. Die Marienk\u00e4fergruppe der Kita Musikus. Tsch\u00fcssi bis zum n\u00e4chsten Jahr!&#8220;<br \/>\n15.09.2011<\/p>\n<p style=\"text-align: justify;\"><a href=\"https:\/\/doelitzer-wassermuehle.de\/wp-content\/uploads\/2011\/12\/Kinderhaus-Montessori_web.jpg\"><img loading=\"lazy\" decoding=\"async\" class=\"alignleft size-thumbnail wp-image-826\" title=\"Kinderhaus Montessori am 05.08.11\" src=\"https:\/\/doelitzer-wassermuehle.de\/wp-content\/uploads\/2011\/12\/Kinderhaus-Montessori_web-180x135.jpg\" alt=\"\" width=\"180\" height=\"135\"><\/a>&#8222;Die Sonne lacht und das Wasser pl\u00e4tschert und das M\u00fchlrad dreht sich. Wir haben bei Euch viel gelernt, gebastelt und Spa\u00df bei Wasserspielen gehabt. Vielen Dank f\u00fcr den gelungenen Tag und f\u00fcr die liebevolle Betreuung.&#8220;<br \/>\nDie Kinder vom Montessori-Kinderhaus in Gr\u00fcnau und das Erzieherteam<br \/>\n05.08.2009<\/p>\n<p style=\"text-align: justify;\">&nbsp;<\/p>\n<p style=\"text-align: justify;\">&nbsp;<\/p>\n<p style=\"text-align: justify;\"><a href=\"https:\/\/doelitzer-wassermuehle.de\/wp-content\/uploads\/2011\/12\/Der-Hahn.jpg\"><img loading=\"lazy\" decoding=\"async\" class=\"alignleft size-thumbnail wp-image-827\" title=\"Der Hahn (die Naturkinder des Kindergartens &quot;Rosentalzwerge&quot;)\" src=\"https:\/\/doelitzer-wassermuehle.de\/wp-content\/uploads\/2011\/12\/Der-Hahn-180x135.jpg\" alt=\"\" width=\"180\" height=\"135\"><\/a>&#8222;Der Hahn&#8220; Die Naturkinder des Kindergartens &#8218;Rosentalzwerge&#8216;<br \/>\n06.07.2011<\/p>\n<p style=\"text-align: justify;\">&nbsp;<\/p>\n<p style=\"text-align: justify;\">&nbsp;<\/p>\n<p style=\"text-align: justify;\">&nbsp;<\/p>\n<p style=\"text-align: justify;\"><a href=\"https:\/\/doelitzer-wassermuehle.de\/wp-content\/uploads\/2012\/08\/G\u00e4stebucheintrag.jpg\"><img loading=\"lazy\" decoding=\"async\" class=\"alignleft size-thumbnail wp-image-971\" title=\"Regenbogenschule Leipzig\" src=\"https:\/\/doelitzer-wassermuehle.de\/wp-content\/uploads\/2012\/08\/G\u00e4stebucheintrag-180x135.jpg\" alt=\"\" width=\"180\" height=\"136\"><\/a><\/p>\n<p style=\"text-align: justify;\">&#8222;Die Kinder und Erzieher der Freien Grundschule Regenbogen hatten hier einen wundervoll-fledermaus-fantastischen Ferientag! Vielen Dank!!!&#8220;<br \/>\n22.08.2012<\/p>\n<p style=\"text-align: justify;\">&nbsp;<\/p>\n<p style=\"text-align: justify;\">&nbsp;<\/p>\n<p style=\"text-align: left;\"><a href=\"https:\/\/doelitzer-wassermuehle.de\/wp-content\/uploads\/2012\/08\/G\u00e4stebucheintrag_web.jpg\"><img loading=\"lazy\" decoding=\"async\" class=\"alignleft size-thumbnail wp-image-970\" title=\"G\u00e4stebucheintrag Th. K\u00f6rner GS\" src=\"https:\/\/doelitzer-wassermuehle.de\/wp-content\/uploads\/2012\/08\/G\u00e4stebucheintrag_web-180x135.jpg\" alt=\"\" width=\"180\" height=\"135\"><\/a>&#8222;An einem wundersch\u00f6nen, sonnigen Ferientag durften wir in der&nbsp;&#8222;Wasserm\u00fchle D\u00f6litz&#8220; herrlich, kreative Lehmerfahrungen sammeln. Aus selbst hergestellter Lehmmasse formten und gestalteten wir nach Herzenslust.<br \/>\nHahn und H\u00fchner schauten zu, wie wir uns mit H\u00e4nden und F\u00fc\u00dfen der Erfahrung &#8222;Lehm&#8220; hingaben. Dabei unterst\u00fctzen uns die Mirtarbeiter freundlich und kompetent. Gern werden&nbsp; wir hier wieder G\u00e4ste sein und bedanken uns f\u00fcr die sch\u00f6nen&nbsp;Stunden. Die Kinder und Erzieherinnen des Hortes der&nbsp;Theodor-K\u00f6rner-Schule Paunsdorf&#8220;&nbsp;&nbsp;28.08.2012<\/p>\n","protected":false},"excerpt":{"rendered":"<p>Hier sehen Sie eine kleine Auswahl unserer G\u00e4stebucheintr\u00e4ge (zum Vergr\u00f6\u00dfern bitte anklicken): &#8222;Herzlichen Dank dem Team der D\u00f6litzer Wasserm\u00fchle! Die Kinder und Erzieher aus dem Hort Holzhausen verbrachten hier einen interessanten Tag bei M\u00fchlenspukgeschichten, auf Kobold- und Schatzsuche, Erkundungen am &hellip; <a href=\"https:\/\/doelitzer-wassermuehle.de\/?page_id=665\">Weiterlesen <span class=\"meta-nav\">&rarr;<\/span><\/a><\/p>\n","protected":false},"author":2,"featured_media":2898,"parent":109,"menu_order":33,"comment_status":"closed","ping_status":"closed","template":"","meta":{"ngg_post_thumbnail":0,"footnotes":""},"class_list":["post-665","page","type-page","status-publish","has-post-thumbnail","hentry"],"aioseo_notices":[],"_links":{"self":[{"href":"https:\/\/doelitzer-wassermuehle.de\/index.php?rest_route=\/wp\/v2\/pages\/665","targetHints":{"allow":["GET"]}}],"collection":[{"href":"https:\/\/doelitzer-wassermuehle.de\/index.php?rest_route=\/wp\/v2\/pages"}],"about":[{"href":"https:\/\/doelitzer-wassermuehle.de\/index.php?rest_route=\/wp\/v2\/types\/page"}],"author":[{"embeddable":true,"href":"https:\/\/doelitzer-wassermuehle.de\/index.php?rest_route=\/wp\/v2\/users\/2"}],"replies":[{"embeddable":true,"href":"https:\/\/doelitzer-wassermuehle.de\/index.php?rest_route=%2Fwp%2Fv2%2Fcomments&post=665"}],"version-history":[{"count":62,"href":"https:\/\/doelitzer-wassermuehle.de\/index.php?rest_route=\/wp\/v2\/pages\/665\/revisions"}],"predecessor-version":[{"id":3623,"href":"https:\/\/doelitzer-wassermuehle.de\/index.php?rest_route=\/wp\/v2\/pages\/665\/revisions\/3623"}],"up":[{"embeddable":true,"href":"https:\/\/doelitzer-wassermuehle.de\/index.php?rest_route=\/wp\/v2\/pages\/109"}],"wp:featuredmedia":[{"embeddable":true,"href":"https:\/\/doelitzer-wassermuehle.de\/index.php?rest_route=\/wp\/v2\/media\/2898"}],"wp:attachment":[{"href":"https:\/\/doelitzer-wassermuehle.de\/index.php?rest_route=%2Fwp%2Fv2%2Fmedia&parent=665"}],"curies":[{"name":"wp","href":"https:\/\/api.w.org\/{rel}","templated":true}]}}